{"id":90,"date":"2020-01-29T19:29:42","date_gmt":"2020-01-29T18:29:42","guid":{"rendered":"https:\/\/www.kahrom.de\/?page_id=90"},"modified":"2020-02-13T18:34:32","modified_gmt":"2020-02-13T17:34:32","slug":"impressum","status":"publish","type":"page","link":"https:\/\/www.kahrom.de\/?page_id=90","title":{"rendered":"Impressum"},"content":{"rendered":"\r\n<p><strong>F\u00fcr den Inhalt der Website verantwortlich:<\/strong><br>\r\nDipl. Ing. Kami Klaus Kahrom<br>\r\nHauptstra\u00dfe 26<br>\r\n64390 Erzhausen \/ Frankfurt a. M.<\/p>\r\n\r\n\r\n\r\n<p>Germany<\/p>\r\n\r\n\r\n\r\n<p>Tel. 0049 172 2356677<\/p>\r\n\r\n\r\n\r\n<p><strong>Urheberrechtshinweis:<\/strong><br>\r\nDie Texte und Bilder dieser Website sind urheberrechtlich gesch\u00fctzt. Die Ver\u00f6ffentlichung im Internet ist keine Einverst\u00e4ndniserkl\u00e4rung f\u00fcr eine anderweitige Nutzung durch Dritte.<\/p>\r\n","protected":false},"excerpt":{"rendered":"<p>F\u00fcr den Inhalt der Website verantwortlich: Dipl. Ing. Kami Klaus Kahrom Hauptstra\u00dfe 26 64390 Erzhausen \/ Frankfurt a. M. Germany Tel. 0049 [&hellip;]<\/p>\n","protected":false},"author":1,"featured_media":0,"parent":0,"menu_order":0,"comment_status":"closed","ping_status":"closed","template":"","meta":{"footnotes":""},"yoast_head":"<!-- This site is optimized with the Yoast SEO plugin v23.5 - https:\/\/yoast.com\/wordpress\/plugins\/seo\/ -->\n<title>Kahrom-Gesch\u00e4ftsf\u00fchrer-interim management<\/title>\n<meta name=\"description\" content=\"Kahrom-Kahrom.de-Alleingesch\u00e4ftsf\u00fchrer-Gesch\u00e4ftsf\u00fchrer-interim management-management auf Zeit\" \/>\n<meta name=\"robots\" content=\"index, follow, max-snippet:-1, max-image-preview:large, max-video-preview:-1\" \/>\n<link rel=\"canonical\" href=\"https:\/\/www.kahrom.de\/?page_id=90\" \/>\n<meta property=\"og:locale\" content=\"de_DE\" \/>\n<meta property=\"og:type\" content=\"article\" \/>\n<meta property=\"og:title\" content=\"Kahrom-Gesch\u00e4ftsf\u00fchrer-interim management\" \/>\n<meta property=\"og:description\" content=\"Kahrom-Kahrom.de-Alleingesch\u00e4ftsf\u00fchrer-Gesch\u00e4ftsf\u00fchrer-interim management-management auf Zeit\" \/>\n<meta property=\"og:url\" content=\"https:\/\/www.kahrom.de\/?page_id=90\" \/>\n<meta property=\"og:site_name\" content=\"Gesch\u00e4ftsleitung auf Zeit!\" \/>\n<meta property=\"article:modified_time\" content=\"2020-02-13T17:34:32+00:00\" \/>\n<meta name=\"twitter:card\" content=\"summary_large_image\" \/>\n<script type=\"application\/ld+json\" class=\"yoast-schema-graph\">{\"@context\":\"https:\/\/schema.org\",\"@graph\":[{\"@type\":\"WebPage\",\"@id\":\"https:\/\/www.kahrom.de\/?page_id=90\",\"url\":\"https:\/\/www.kahrom.de\/?page_id=90\",\"name\":\"Kahrom-Gesch\u00e4ftsf\u00fchrer-interim management\",\"isPartOf\":{\"@id\":\"https:\/\/www.kahrom.de\/#website\"},\"datePublished\":\"2020-01-29T18:29:42+00:00\",\"dateModified\":\"2020-02-13T17:34:32+00:00\",\"description\":\"Kahrom-Kahrom.de-Alleingesch\u00e4ftsf\u00fchrer-Gesch\u00e4ftsf\u00fchrer-interim management-management auf Zeit\",\"breadcrumb\":{\"@id\":\"https:\/\/www.kahrom.de\/?page_id=90#breadcrumb\"},\"inLanguage\":\"de\",\"potentialAction\":[{\"@type\":\"ReadAction\",\"target\":[\"https:\/\/www.kahrom.de\/?page_id=90\"]}]},{\"@type\":\"BreadcrumbList\",\"@id\":\"https:\/\/www.kahrom.de\/?page_id=90#breadcrumb\",\"itemListElement\":[{\"@type\":\"ListItem\",\"position\":1,\"name\":\"Startseite\",\"item\":\"https:\/\/www.kahrom.de\/\"},{\"@type\":\"ListItem\",\"position\":2,\"name\":\"Impressum\"}]},{\"@type\":\"WebSite\",\"@id\":\"https:\/\/www.kahrom.de\/#website\",\"url\":\"https:\/\/www.kahrom.de\/\",\"name\":\"Gesch\u00e4ftsleitung auf Zeit!\",\"description\":\"Interiemsmanagement\",\"publisher\":{\"@id\":\"https:\/\/www.kahrom.de\/#\/schema\/person\/37b407becf92570dc7f7a5ac82da1092\"},\"potentialAction\":[{\"@type\":\"SearchAction\",\"target\":{\"@type\":\"EntryPoint\",\"urlTemplate\":\"https:\/\/www.kahrom.de\/?s={search_term_string}\"},\"query-input\":{\"@type\":\"PropertyValueSpecification\",\"valueRequired\":true,\"valueName\":\"search_term_string\"}}],\"inLanguage\":\"de\"},{\"@type\":[\"Person\",\"Organization\"],\"@id\":\"https:\/\/www.kahrom.de\/#\/schema\/person\/37b407becf92570dc7f7a5ac82da1092\",\"name\":\"Kami Kahrom\",\"image\":{\"@type\":\"ImageObject\",\"inLanguage\":\"de\",\"@id\":\"https:\/\/www.kahrom.de\/#\/schema\/person\/image\/\",\"url\":\"https:\/\/secure.gravatar.com\/avatar\/cd3480e50cf0ed48367617c85dcd0c19?s=96&d=mm&r=g\",\"contentUrl\":\"https:\/\/secure.gravatar.com\/avatar\/cd3480e50cf0ed48367617c85dcd0c19?s=96&d=mm&r=g\",\"caption\":\"Kami Kahrom\"},\"logo\":{\"@id\":\"https:\/\/www.kahrom.de\/#\/schema\/person\/image\/\"}}]}<\/script>\n<!-- \/ Yoast SEO plugin. -->","yoast_head_json":{"title":"Kahrom-Gesch\u00e4ftsf\u00fchrer-interim management","description":"Kahrom-Kahrom.de-Alleingesch\u00e4ftsf\u00fchrer-Gesch\u00e4ftsf\u00fchrer-interim management-management auf Zeit","robots":{"index":"index","follow":"follow","max-snippet":"max-snippet:-1","max-image-preview":"max-image-preview:large","max-video-preview":"max-video-preview:-1"},"canonical":"https:\/\/www.kahrom.de\/?page_id=90","og_locale":"de_DE","og_type":"article","og_title":"Kahrom-Gesch\u00e4ftsf\u00fchrer-interim management","og_description":"Kahrom-Kahrom.de-Alleingesch\u00e4ftsf\u00fchrer-Gesch\u00e4ftsf\u00fchrer-interim management-management auf Zeit","og_url":"https:\/\/www.kahrom.de\/?page_id=90","og_site_name":"Gesch\u00e4ftsleitung auf Zeit!","article_modified_time":"2020-02-13T17:34:32+00:00","twitter_card":"summary_large_image","schema":{"@context":"https:\/\/schema.org","@graph":[{"@type":"WebPage","@id":"https:\/\/www.kahrom.de\/?page_id=90","url":"https:\/\/www.kahrom.de\/?page_id=90","name":"Kahrom-Gesch\u00e4ftsf\u00fchrer-interim management","isPartOf":{"@id":"https:\/\/www.kahrom.de\/#website"},"datePublished":"2020-01-29T18:29:42+00:00","dateModified":"2020-02-13T17:34:32+00:00","description":"Kahrom-Kahrom.de-Alleingesch\u00e4ftsf\u00fchrer-Gesch\u00e4ftsf\u00fchrer-interim management-management auf Zeit","breadcrumb":{"@id":"https:\/\/www.kahrom.de\/?page_id=90#breadcrumb"},"inLanguage":"de","potentialAction":[{"@type":"ReadAction","target":["https:\/\/www.kahrom.de\/?page_id=90"]}]},{"@type":"BreadcrumbList","@id":"https:\/\/www.kahrom.de\/?page_id=90#breadcrumb","itemListElement":[{"@type":"ListItem","position":1,"name":"Startseite","item":"https:\/\/www.kahrom.de\/"},{"@type":"ListItem","position":2,"name":"Impressum"}]},{"@type":"WebSite","@id":"https:\/\/www.kahrom.de\/#website","url":"https:\/\/www.kahrom.de\/","name":"Gesch\u00e4ftsleitung auf Zeit!","description":"Interiemsmanagement","publisher":{"@id":"https:\/\/www.kahrom.de\/#\/schema\/person\/37b407becf92570dc7f7a5ac82da1092"},"potentialAction":[{"@type":"SearchAction","target":{"@type":"EntryPoint","urlTemplate":"https:\/\/www.kahrom.de\/?s={search_term_string}"},"query-input":{"@type":"PropertyValueSpecification","valueRequired":true,"valueName":"search_term_string"}}],"inLanguage":"de"},{"@type":["Person","Organization"],"@id":"https:\/\/www.kahrom.de\/#\/schema\/person\/37b407becf92570dc7f7a5ac82da1092","name":"Kami Kahrom","image":{"@type":"ImageObject","inLanguage":"de","@id":"https:\/\/www.kahrom.de\/#\/schema\/person\/image\/","url":"https:\/\/secure.gravatar.com\/avatar\/cd3480e50cf0ed48367617c85dcd0c19?s=96&d=mm&r=g","contentUrl":"https:\/\/secure.gravatar.com\/avatar\/cd3480e50cf0ed48367617c85dcd0c19?s=96&d=mm&r=g","caption":"Kami Kahrom"},"logo":{"@id":"https:\/\/www.kahrom.de\/#\/schema\/person\/image\/"}}]}},"_links":{"self":[{"href":"https:\/\/www.kahrom.de\/index.php?rest_route=\/wp\/v2\/pages\/90"}],"collection":[{"href":"https:\/\/www.kahrom.de\/index.php?rest_route=\/wp\/v2\/pages"}],"about":[{"href":"https:\/\/www.kahrom.de\/index.php?rest_route=\/wp\/v2\/types\/page"}],"author":[{"embeddable":true,"href":"https:\/\/www.kahrom.de\/index.php?rest_route=\/wp\/v2\/users\/1"}],"replies":[{"embeddable":true,"href":"https:\/\/www.kahrom.de\/index.php?rest_route=%2Fwp%2Fv2%2Fcomments&post=90"}],"version-history":[{"count":3,"href":"https:\/\/www.kahrom.de\/index.php?rest_route=\/wp\/v2\/pages\/90\/revisions"}],"predecessor-version":[{"id":395,"href":"https:\/\/www.kahrom.de\/index.php?rest_route=\/wp\/v2\/pages\/90\/revisions\/395"}],"wp:attachment":[{"href":"https:\/\/www.kahrom.de\/index.php?rest_route=%2Fwp%2Fv2%2Fmedia&parent=90"}],"curies":[{"name":"wp","href":"https:\/\/api.w.org\/{rel}","templated":true}]}}