{"id":536,"date":"2020-03-17T21:26:30","date_gmt":"2020-03-17T20:26:30","guid":{"rendered":"http:\/\/www.kahrom.de\/?page_id=536"},"modified":"2020-03-18T08:45:06","modified_gmt":"2020-03-18T07:45:06","slug":"field-reports-on-my-employment","status":"publish","type":"page","link":"https:\/\/www.kahrom.de\/?page_id=536&lang=en","title":{"rendered":"Field reports on my employment"},"content":{"rendered":"<div id=\"pl-536\"  class=\"panel-layout\" ><div id=\"pg-536-0\"  class=\"panel-grid panel-has-style\" ><div class=\"siteorigin-panels-stretch mob-pad-30 panel-row-style panel-row-style-for-536-0\" style=\"background-image: url(https:\/\/www.kahrom.de\/wp-content\/uploads\/2020\/02\/trent-erwin-UgA3Xvi3SkA-unsplash-scaled.jpg);padding: 150px 0; \" data-stretch-type=\"full-stretched\" data-hasbg=\"hasbg\" data-overlay=\"true\" data-overlay-color=\"#000000\" ><div id=\"pgc-536-0-0\"  class=\"panel-grid-cell\" ><div id=\"panel-536-0-0-0\" class=\"so-panel widget widget_black-studio-tinymce widget_black_studio_tinymce panel-first-child panel-last-child\" data-index=\"0\" ><div style=\"text-align: left;\" data-title-color=\"#443f3f\" data-headings-color=\"#443f3f\" class=\"panel-widget-style panel-widget-style-for-536-0-0-0\" ><div class=\"textwidget\"><h2 style=\"text-align: center;\"><span style=\"color: #ffffff;\">Field reports on my employment!<\/span><\/h2>\n<\/div><\/div><\/div><\/div><\/div><\/div><div id=\"pg-536-1\"  class=\"panel-grid panel-has-style\" ><div class=\"siteorigin-panels-stretch panel-row-style panel-row-style-for-536-1\" style=\"padding: 0px 0; \" data-stretch-type=\"full-stretched\" data-overlay=\"true\" data-overlay-color=\"#000000\" ><div id=\"pgc-536-1-0\"  class=\"panel-grid-cell\" ><div id=\"panel-536-1-0-0\" class=\"so-panel widget widget_black-studio-tinymce widget_black_studio_tinymce panel-first-child panel-last-child\" data-index=\"1\" ><div style=\"text-align: left;\" data-title-color=\"#443f3f\" data-headings-color=\"#443f3f\" class=\"panel-widget-style panel-widget-style-for-536-1-0-0\" ><h3 class=\"widget-title\">Change-Management<\/h3><div class=\"textwidget\"><p><strong>Company:<\/strong> Manufacturing industry, \u20ac30 million turnover\/year, 60 employees<br \/>\n<strong>Position:<\/strong> CEO<br \/>\n<strong>Situation:<\/strong> Internal discrepancies between production, sales and technology, resulting in production problems and decreasing customer satisfaction<br \/>\n<strong>Task:<\/strong> Analyse and find solutions<br \/>\n<strong>Challenge:<\/strong> To \u201cintercept employees\u201d, increase effectiveness while simultaneously reducing costs<br \/>\n<strong>Result:<\/strong> Using change management meant that 12 months later a future-oriented department for technology and development was in place. It implemented customer requests immediately and was able to develop new products for the future in a structured manner.<\/p>\n<\/div><\/div><\/div><\/div><div id=\"pgc-536-1-1\"  class=\"panel-grid-cell\" ><div id=\"panel-536-1-1-0\" class=\"so-panel widget widget_black-studio-tinymce widget_black_studio_tinymce panel-first-child panel-last-child\" data-index=\"2\" ><div style=\"text-align: left;\" data-title-color=\"#443f3f\" data-headings-color=\"#443f3f\" class=\"panel-widget-style panel-widget-style-for-536-1-1-0\" ><div class=\"textwidget\"><p><img loading=\"lazy\" decoding=\"async\" class=\"aligncenter size-full wp-image-429\" src=\"http:\/\/www.kahrom.de\/wp-content\/uploads\/2020\/03\/christopher-burns-8KfCR12oeUM-unsplash-scaled.jpg\" alt=\"\" width=\"2560\" height=\"1707\" srcset=\"https:\/\/www.kahrom.de\/wp-content\/uploads\/2020\/03\/christopher-burns-8KfCR12oeUM-unsplash-scaled.jpg 2560w, https:\/\/www.kahrom.de\/wp-content\/uploads\/2020\/03\/christopher-burns-8KfCR12oeUM-unsplash-300x200.jpg 300w, https:\/\/www.kahrom.de\/wp-content\/uploads\/2020\/03\/christopher-burns-8KfCR12oeUM-unsplash-1024x683.jpg 1024w, https:\/\/www.kahrom.de\/wp-content\/uploads\/2020\/03\/christopher-burns-8KfCR12oeUM-unsplash-768x512.jpg 768w, https:\/\/www.kahrom.de\/wp-content\/uploads\/2020\/03\/christopher-burns-8KfCR12oeUM-unsplash-1536x1024.jpg 1536w, https:\/\/www.kahrom.de\/wp-content\/uploads\/2020\/03\/christopher-burns-8KfCR12oeUM-unsplash-2048x1365.jpg 2048w, https:\/\/www.kahrom.de\/wp-content\/uploads\/2020\/03\/christopher-burns-8KfCR12oeUM-unsplash-830x553.jpg 830w, https:\/\/www.kahrom.de\/wp-content\/uploads\/2020\/03\/christopher-burns-8KfCR12oeUM-unsplash-230x153.jpg 230w, https:\/\/www.kahrom.de\/wp-content\/uploads\/2020\/03\/christopher-burns-8KfCR12oeUM-unsplash-350x233.jpg 350w, https:\/\/www.kahrom.de\/wp-content\/uploads\/2020\/03\/christopher-burns-8KfCR12oeUM-unsplash-480x320.jpg 480w, https:\/\/www.kahrom.de\/wp-content\/uploads\/2020\/03\/christopher-burns-8KfCR12oeUM-unsplash-272x182.jpg 272w\" sizes=\"(max-width: 2560px) 100vw, 2560px\" \/><\/p>\n<\/div><\/div><\/div><\/div><\/div><\/div><div id=\"pg-536-2\"  class=\"panel-grid panel-has-style\" ><div class=\"siteorigin-panels-stretch panel-row-style panel-row-style-for-536-2\" style=\"padding: 0px 0; \" data-stretch-type=\"full-stretched\" data-overlay=\"true\" data-overlay-color=\"#000000\" ><div id=\"pgc-536-2-0\"  class=\"panel-grid-cell\" ><div id=\"panel-536-2-0-0\" class=\"so-panel widget widget_black-studio-tinymce widget_black_studio_tinymce panel-first-child panel-last-child\" data-index=\"3\" ><div style=\"text-align: left;\" data-title-color=\"#443f3f\" data-headings-color=\"#443f3f\" class=\"panel-widget-style panel-widget-style-for-536-2-0-0\" ><div class=\"textwidget\"><p><img loading=\"lazy\" decoding=\"async\" class=\"alignnone size-full wp-image-430\" src=\"http:\/\/www.kahrom.de\/wp-content\/uploads\/2020\/03\/crystal-kwok-mhUsz2ezlXQ-unsplash-scaled.jpg\" alt=\"\" width=\"2560\" height=\"1707\" srcset=\"https:\/\/www.kahrom.de\/wp-content\/uploads\/2020\/03\/crystal-kwok-mhUsz2ezlXQ-unsplash-scaled.jpg 2560w, https:\/\/www.kahrom.de\/wp-content\/uploads\/2020\/03\/crystal-kwok-mhUsz2ezlXQ-unsplash-300x200.jpg 300w, https:\/\/www.kahrom.de\/wp-content\/uploads\/2020\/03\/crystal-kwok-mhUsz2ezlXQ-unsplash-1024x683.jpg 1024w, https:\/\/www.kahrom.de\/wp-content\/uploads\/2020\/03\/crystal-kwok-mhUsz2ezlXQ-unsplash-768x512.jpg 768w, https:\/\/www.kahrom.de\/wp-content\/uploads\/2020\/03\/crystal-kwok-mhUsz2ezlXQ-unsplash-1536x1024.jpg 1536w, https:\/\/www.kahrom.de\/wp-content\/uploads\/2020\/03\/crystal-kwok-mhUsz2ezlXQ-unsplash-2048x1365.jpg 2048w, https:\/\/www.kahrom.de\/wp-content\/uploads\/2020\/03\/crystal-kwok-mhUsz2ezlXQ-unsplash-830x553.jpg 830w, https:\/\/www.kahrom.de\/wp-content\/uploads\/2020\/03\/crystal-kwok-mhUsz2ezlXQ-unsplash-230x153.jpg 230w, https:\/\/www.kahrom.de\/wp-content\/uploads\/2020\/03\/crystal-kwok-mhUsz2ezlXQ-unsplash-350x233.jpg 350w, https:\/\/www.kahrom.de\/wp-content\/uploads\/2020\/03\/crystal-kwok-mhUsz2ezlXQ-unsplash-480x320.jpg 480w, https:\/\/www.kahrom.de\/wp-content\/uploads\/2020\/03\/crystal-kwok-mhUsz2ezlXQ-unsplash-272x182.jpg 272w\" sizes=\"(max-width: 2560px) 100vw, 2560px\" \/><\/p>\n<\/div><\/div><\/div><\/div><div id=\"pgc-536-2-1\"  class=\"panel-grid-cell\" ><div id=\"panel-536-2-1-0\" class=\"so-panel widget widget_black-studio-tinymce widget_black_studio_tinymce panel-first-child panel-last-child\" data-index=\"4\" ><div style=\"text-align: left;\" data-title-color=\"#443f3f\" data-headings-color=\"#443f3f\" class=\"panel-widget-style panel-widget-style-for-536-2-1-0\" ><h3 class=\"widget-title\">Digital Transformation<\/h3><div class=\"textwidget\"><p><strong>Company: <\/strong>Manufacturing industry, \u20ac17 million turnover\/year, 95 employees<br \/>\n<strong>Position:<\/strong> CEO<br \/>\n<strong>Situation:<\/strong> High dependency on a major customer<br \/>\n<strong>Task:<\/strong> Acquire new business\/new customers<br \/>\n<strong>Challenge:<\/strong> To shake up well-established sales structures and address lack of cooperation with other departments and customers<br \/>\n<strong>Result:<\/strong> All activities were rendered measurable due to digital transformation starting with management accounting and financial controlling. I also introduced the principle of agility as a mindset; a combination that enabled every sales employee to assess their own performance on a monthly basis. This made it possible to agree targets which were in line with the corporate strategy.<\/p>\n<\/div><\/div><\/div><\/div><\/div><\/div><div id=\"pg-536-3\"  class=\"panel-grid panel-has-style\" ><div class=\"siteorigin-panels-stretch panel-row-style panel-row-style-for-536-3\" style=\"padding: -20px 0; \" data-stretch-type=\"full-stretched\" data-overlay=\"true\" data-overlay-color=\"#000000\" ><div id=\"pgc-536-3-0\"  class=\"panel-grid-cell\" ><div id=\"panel-536-3-0-0\" class=\"so-panel widget widget_black-studio-tinymce widget_black_studio_tinymce panel-first-child panel-last-child\" data-index=\"5\" ><div style=\"text-align: left;\" data-title-color=\"#443f3f\" data-headings-color=\"#443f3f\" class=\"panel-widget-style panel-widget-style-for-536-3-0-0\" ><h3 class=\"widget-title\">Corporate Strategy and Organisation<\/h3><div class=\"textwidget\"><p><strong>Company: <\/strong>Manufacturing industry and services, \u20ac10 million turnover\/year, 50 employees<br \/>\n<strong>Position:<\/strong> CEO<br \/>\n<strong>Situation:<\/strong> Ageing corporate culture that was to be handed over to the next generation<br \/>\n<strong>Task:<\/strong> Develop a strategy and implement it in the company<br \/>\n<strong>Challenge:<\/strong> To avert insolvency by showing customers, suppliers, employees and banks credible prospects. This was achieved by implementing a strategy developed from market conditions which encouraged all parties to continue.<br \/>\n<strong>Result:<\/strong> Two years later, it was possible to hand over a functioning company that fulfilled its commitments and offered a future for all to the next generation.<\/p>\n<\/div><\/div><\/div><\/div><div id=\"pgc-536-3-1\"  class=\"panel-grid-cell\" ><div id=\"panel-536-3-1-0\" class=\"so-panel widget widget_black-studio-tinymce widget_black_studio_tinymce panel-first-child panel-last-child\" data-index=\"6\" ><div style=\"text-align: left;\" data-title-color=\"#443f3f\" data-headings-color=\"#443f3f\" class=\"panel-widget-style panel-widget-style-for-536-3-1-0\" ><div class=\"textwidget\"><p><img loading=\"lazy\" decoding=\"async\" class=\"aligncenter size-full wp-image-516\" src=\"http:\/\/www.kahrom.de\/wp-content\/uploads\/2020\/03\/Eigen.jpg\" alt=\"\" width=\"2557\" height=\"1705\" srcset=\"https:\/\/www.kahrom.de\/wp-content\/uploads\/2020\/03\/Eigen.jpg 2557w, https:\/\/www.kahrom.de\/wp-content\/uploads\/2020\/03\/Eigen-300x200.jpg 300w, https:\/\/www.kahrom.de\/wp-content\/uploads\/2020\/03\/Eigen-1024x683.jpg 1024w, https:\/\/www.kahrom.de\/wp-content\/uploads\/2020\/03\/Eigen-768x512.jpg 768w, https:\/\/www.kahrom.de\/wp-content\/uploads\/2020\/03\/Eigen-1536x1024.jpg 1536w, https:\/\/www.kahrom.de\/wp-content\/uploads\/2020\/03\/Eigen-2048x1366.jpg 2048w, https:\/\/www.kahrom.de\/wp-content\/uploads\/2020\/03\/Eigen-830x553.jpg 830w, https:\/\/www.kahrom.de\/wp-content\/uploads\/2020\/03\/Eigen-230x153.jpg 230w, https:\/\/www.kahrom.de\/wp-content\/uploads\/2020\/03\/Eigen-350x233.jpg 350w, https:\/\/www.kahrom.de\/wp-content\/uploads\/2020\/03\/Eigen-480x320.jpg 480w, https:\/\/www.kahrom.de\/wp-content\/uploads\/2020\/03\/Eigen-272x182.jpg 272w\" sizes=\"(max-width: 2557px) 100vw, 2557px\" \/><\/p>\n<\/div><\/div><\/div><\/div><\/div><\/div><div id=\"pg-536-4\"  class=\"panel-grid panel-has-style\" ><div class=\"siteorigin-panels-stretch panel-row-style panel-row-style-for-536-4\" style=\"padding: 0px 0; \" data-stretch-type=\"full-stretched\" data-overlay=\"true\" data-overlay-color=\"#000000\" ><div id=\"pgc-536-4-0\"  class=\"panel-grid-cell\" ><div id=\"panel-536-4-0-0\" class=\"so-panel widget widget_black-studio-tinymce widget_black_studio_tinymce panel-first-child panel-last-child\" data-index=\"7\" ><div style=\"text-align: left;\" data-title-color=\"#443f3f\" data-headings-color=\"#443f3f\" class=\"panel-widget-style panel-widget-style-for-536-4-0-0\" ><div class=\"textwidget\"><p><img loading=\"lazy\" decoding=\"async\" class=\"aligncenter size-full wp-image-517\" src=\"http:\/\/www.kahrom.de\/wp-content\/uploads\/2020\/03\/christopher-burns-Kj2SaNHG-hg-unsplash-scaled.jpg\" alt=\"\" width=\"2560\" height=\"1707\" srcset=\"https:\/\/www.kahrom.de\/wp-content\/uploads\/2020\/03\/christopher-burns-Kj2SaNHG-hg-unsplash-scaled.jpg 2560w, https:\/\/www.kahrom.de\/wp-content\/uploads\/2020\/03\/christopher-burns-Kj2SaNHG-hg-unsplash-300x200.jpg 300w, https:\/\/www.kahrom.de\/wp-content\/uploads\/2020\/03\/christopher-burns-Kj2SaNHG-hg-unsplash-1024x683.jpg 1024w, https:\/\/www.kahrom.de\/wp-content\/uploads\/2020\/03\/christopher-burns-Kj2SaNHG-hg-unsplash-768x512.jpg 768w, https:\/\/www.kahrom.de\/wp-content\/uploads\/2020\/03\/christopher-burns-Kj2SaNHG-hg-unsplash-1536x1024.jpg 1536w, https:\/\/www.kahrom.de\/wp-content\/uploads\/2020\/03\/christopher-burns-Kj2SaNHG-hg-unsplash-2048x1365.jpg 2048w, https:\/\/www.kahrom.de\/wp-content\/uploads\/2020\/03\/christopher-burns-Kj2SaNHG-hg-unsplash-830x553.jpg 830w, https:\/\/www.kahrom.de\/wp-content\/uploads\/2020\/03\/christopher-burns-Kj2SaNHG-hg-unsplash-230x153.jpg 230w, https:\/\/www.kahrom.de\/wp-content\/uploads\/2020\/03\/christopher-burns-Kj2SaNHG-hg-unsplash-350x233.jpg 350w, https:\/\/www.kahrom.de\/wp-content\/uploads\/2020\/03\/christopher-burns-Kj2SaNHG-hg-unsplash-480x320.jpg 480w, https:\/\/www.kahrom.de\/wp-content\/uploads\/2020\/03\/christopher-burns-Kj2SaNHG-hg-unsplash-272x182.jpg 272w\" sizes=\"(max-width: 2560px) 100vw, 2560px\" \/><\/p>\n<\/div><\/div><\/div><\/div><div id=\"pgc-536-4-1\"  class=\"panel-grid-cell\" ><div id=\"panel-536-4-1-0\" class=\"so-panel widget widget_black-studio-tinymce widget_black_studio_tinymce panel-first-child panel-last-child\" data-index=\"8\" ><div style=\"text-align: left;\" data-title-color=\"#443f3f\" data-headings-color=\"#443f3f\" class=\"panel-widget-style panel-widget-style-for-536-4-1-0\" ><h3 class=\"widget-title\">Strategic Business Development<\/h3><div class=\"textwidget\"><p><strong>Company: <\/strong>Electrical engineering, \u20ac12 million turnover\/year, 43 employees<br \/>\n<strong>Position:<\/strong> CEO<br \/>\n<strong>Situation:<\/strong> Shareholders wanted to be prepared for the upcoming M&amp;A<br \/>\n<strong>Task:<\/strong> Stabilise, expand and implement new business areas for a more positive company valuation<br \/>\n<strong>Challenge:<\/strong> To develop and implement a new strategy to increase sales and earnings<br \/>\n<strong>Result:<\/strong> It was possible to set the company apart from the competition and secure its business model by applying for two patents and introducing ISO 9001:2015 with an integrated corporate strategy as a guideline for the coming years.<\/p>\n<\/div><\/div><\/div><\/div><\/div><\/div><div id=\"pg-536-5\"  class=\"panel-grid panel-has-style\" ><div style=\"padding: 100px 0; \" data-overlay=\"true\" data-overlay-color=\"#000000\" class=\"panel-row-style panel-row-style-for-536-5\" ><div id=\"pgc-536-5-0\"  class=\"panel-grid-cell\" ><div id=\"panel-536-5-0-0\" class=\"so-panel widget widget_black-studio-tinymce widget_black_studio_tinymce panel-first-child panel-last-child\" data-index=\"9\" ><div style=\"text-align: left;\" data-title-color=\"#443f3f\" data-headings-color=\"#443f3f\" class=\"panel-widget-style panel-widget-style-for-536-5-0-0\" ><h3 class=\"widget-title\">Supporting information and details available on request<\/h3><div class=\"textwidget\"><\/div><\/div><\/div><\/div><\/div><\/div><\/div>","protected":false},"excerpt":{"rendered":"<p>Field reports on my employment! Company: Manufacturing industry, \u20ac30 million turnover\/year, 60 employees Position: CEO Situation: Internal discrepancies between production, sales and [&hellip;]<\/p>\n","protected":false},"author":1,"featured_media":0,"parent":0,"menu_order":0,"comment_status":"closed","ping_status":"closed","template":"page-templates\/page_front-page.php","meta":{"footnotes":""},"yoast_head":"<!-- This site is optimized with the Yoast SEO plugin v23.5 - https:\/\/yoast.com\/wordpress\/plugins\/seo\/ -->\n<title>Kahrom-Gesch\u00e4ftsf\u00fchrer-interim management<\/title>\n<meta name=\"description\" content=\"Kahrom-Kahrom.de-Alleingesch\u00e4ftsf\u00fchrer-Gesch\u00e4ftsf\u00fchrer-interim management-management auf Zeit\" \/>\n<meta name=\"robots\" content=\"index, follow, max-snippet:-1, max-image-preview:large, max-video-preview:-1\" \/>\n<link rel=\"canonical\" href=\"https:\/\/www.kahrom.de\/?page_id=536&lang=en\" \/>\n<meta property=\"og:locale\" content=\"de_DE\" \/>\n<meta property=\"og:type\" content=\"article\" \/>\n<meta property=\"og:title\" content=\"Kahrom-Gesch\u00e4ftsf\u00fchrer-interim management\" \/>\n<meta property=\"og:description\" content=\"Kahrom-Kahrom.de-Alleingesch\u00e4ftsf\u00fchrer-Gesch\u00e4ftsf\u00fchrer-interim management-management auf Zeit\" \/>\n<meta property=\"og:url\" content=\"https:\/\/www.kahrom.de\/?page_id=536&amp;lang=en\" \/>\n<meta property=\"og:site_name\" content=\"Gesch\u00e4ftsleitung auf Zeit!\" \/>\n<meta property=\"article:modified_time\" content=\"2020-03-18T07:45:06+00:00\" \/>\n<meta property=\"og:image\" content=\"http:\/\/www.kahrom.de\/wp-content\/uploads\/2020\/03\/christopher-burns-8KfCR12oeUM-unsplash-scaled.jpg\" \/>\n<meta name=\"twitter:card\" content=\"summary_large_image\" \/>\n<meta name=\"twitter:label1\" content=\"Gesch\u00e4tzte Lesezeit\" \/>\n\t<meta name=\"twitter:data1\" content=\"2\u00a0Minuten\" \/>\n<script type=\"application\/ld+json\" class=\"yoast-schema-graph\">{\"@context\":\"https:\/\/schema.org\",\"@graph\":[{\"@type\":\"WebPage\",\"@id\":\"https:\/\/www.kahrom.de\/?page_id=536&lang=en\",\"url\":\"https:\/\/www.kahrom.de\/?page_id=536&lang=en\",\"name\":\"Kahrom-Gesch\u00e4ftsf\u00fchrer-interim management\",\"isPartOf\":{\"@id\":\"https:\/\/www.kahrom.de\/#website\"},\"primaryImageOfPage\":{\"@id\":\"https:\/\/www.kahrom.de\/?page_id=536&lang=en#primaryimage\"},\"image\":{\"@id\":\"https:\/\/www.kahrom.de\/?page_id=536&lang=en#primaryimage\"},\"thumbnailUrl\":\"http:\/\/www.kahrom.de\/wp-content\/uploads\/2020\/03\/christopher-burns-8KfCR12oeUM-unsplash-scaled.jpg\",\"datePublished\":\"2020-03-17T20:26:30+00:00\",\"dateModified\":\"2020-03-18T07:45:06+00:00\",\"description\":\"Kahrom-Kahrom.de-Alleingesch\u00e4ftsf\u00fchrer-Gesch\u00e4ftsf\u00fchrer-interim management-management auf Zeit\",\"breadcrumb\":{\"@id\":\"https:\/\/www.kahrom.de\/?page_id=536&lang=en#breadcrumb\"},\"inLanguage\":\"de\",\"potentialAction\":[{\"@type\":\"ReadAction\",\"target\":[\"https:\/\/www.kahrom.de\/?page_id=536&lang=en\"]}]},{\"@type\":\"ImageObject\",\"inLanguage\":\"de\",\"@id\":\"https:\/\/www.kahrom.de\/?page_id=536&lang=en#primaryimage\",\"url\":\"http:\/\/www.kahrom.de\/wp-content\/uploads\/2020\/03\/christopher-burns-8KfCR12oeUM-unsplash-scaled.jpg\",\"contentUrl\":\"http:\/\/www.kahrom.de\/wp-content\/uploads\/2020\/03\/christopher-burns-8KfCR12oeUM-unsplash-scaled.jpg\"},{\"@type\":\"BreadcrumbList\",\"@id\":\"https:\/\/www.kahrom.de\/?page_id=536&lang=en#breadcrumb\",\"itemListElement\":[{\"@type\":\"ListItem\",\"position\":1,\"name\":\"Startseite\",\"item\":\"https:\/\/www.kahrom.de\/\"},{\"@type\":\"ListItem\",\"position\":2,\"name\":\"Field reports on my employment\"}]},{\"@type\":\"WebSite\",\"@id\":\"https:\/\/www.kahrom.de\/#website\",\"url\":\"https:\/\/www.kahrom.de\/\",\"name\":\"Gesch\u00e4ftsleitung auf Zeit!\",\"description\":\"Interiemsmanagement\",\"publisher\":{\"@id\":\"https:\/\/www.kahrom.de\/#\/schema\/person\/37b407becf92570dc7f7a5ac82da1092\"},\"potentialAction\":[{\"@type\":\"SearchAction\",\"target\":{\"@type\":\"EntryPoint\",\"urlTemplate\":\"https:\/\/www.kahrom.de\/?s={search_term_string}\"},\"query-input\":{\"@type\":\"PropertyValueSpecification\",\"valueRequired\":true,\"valueName\":\"search_term_string\"}}],\"inLanguage\":\"de\"},{\"@type\":[\"Person\",\"Organization\"],\"@id\":\"https:\/\/www.kahrom.de\/#\/schema\/person\/37b407becf92570dc7f7a5ac82da1092\",\"name\":\"Kami Kahrom\",\"image\":{\"@type\":\"ImageObject\",\"inLanguage\":\"de\",\"@id\":\"https:\/\/www.kahrom.de\/#\/schema\/person\/image\/\",\"url\":\"https:\/\/secure.gravatar.com\/avatar\/cd3480e50cf0ed48367617c85dcd0c19?s=96&d=mm&r=g\",\"contentUrl\":\"https:\/\/secure.gravatar.com\/avatar\/cd3480e50cf0ed48367617c85dcd0c19?s=96&d=mm&r=g\",\"caption\":\"Kami Kahrom\"},\"logo\":{\"@id\":\"https:\/\/www.kahrom.de\/#\/schema\/person\/image\/\"}}]}<\/script>\n<!-- \/ Yoast SEO plugin. -->","yoast_head_json":{"title":"Kahrom-Gesch\u00e4ftsf\u00fchrer-interim management","description":"Kahrom-Kahrom.de-Alleingesch\u00e4ftsf\u00fchrer-Gesch\u00e4ftsf\u00fchrer-interim management-management auf Zeit","robots":{"index":"index","follow":"follow","max-snippet":"max-snippet:-1","max-image-preview":"max-image-preview:large","max-video-preview":"max-video-preview:-1"},"canonical":"https:\/\/www.kahrom.de\/?page_id=536&lang=en","og_locale":"de_DE","og_type":"article","og_title":"Kahrom-Gesch\u00e4ftsf\u00fchrer-interim management","og_description":"Kahrom-Kahrom.de-Alleingesch\u00e4ftsf\u00fchrer-Gesch\u00e4ftsf\u00fchrer-interim management-management auf Zeit","og_url":"https:\/\/www.kahrom.de\/?page_id=536&lang=en","og_site_name":"Gesch\u00e4ftsleitung auf Zeit!","article_modified_time":"2020-03-18T07:45:06+00:00","og_image":[{"url":"http:\/\/www.kahrom.de\/wp-content\/uploads\/2020\/03\/christopher-burns-8KfCR12oeUM-unsplash-scaled.jpg"}],"twitter_card":"summary_large_image","twitter_misc":{"Gesch\u00e4tzte Lesezeit":"2\u00a0Minuten"},"schema":{"@context":"https:\/\/schema.org","@graph":[{"@type":"WebPage","@id":"https:\/\/www.kahrom.de\/?page_id=536&lang=en","url":"https:\/\/www.kahrom.de\/?page_id=536&lang=en","name":"Kahrom-Gesch\u00e4ftsf\u00fchrer-interim management","isPartOf":{"@id":"https:\/\/www.kahrom.de\/#website"},"primaryImageOfPage":{"@id":"https:\/\/www.kahrom.de\/?page_id=536&lang=en#primaryimage"},"image":{"@id":"https:\/\/www.kahrom.de\/?page_id=536&lang=en#primaryimage"},"thumbnailUrl":"http:\/\/www.kahrom.de\/wp-content\/uploads\/2020\/03\/christopher-burns-8KfCR12oeUM-unsplash-scaled.jpg","datePublished":"2020-03-17T20:26:30+00:00","dateModified":"2020-03-18T07:45:06+00:00","description":"Kahrom-Kahrom.de-Alleingesch\u00e4ftsf\u00fchrer-Gesch\u00e4ftsf\u00fchrer-interim management-management auf Zeit","breadcrumb":{"@id":"https:\/\/www.kahrom.de\/?page_id=536&lang=en#breadcrumb"},"inLanguage":"de","potentialAction":[{"@type":"ReadAction","target":["https:\/\/www.kahrom.de\/?page_id=536&lang=en"]}]},{"@type":"ImageObject","inLanguage":"de","@id":"https:\/\/www.kahrom.de\/?page_id=536&lang=en#primaryimage","url":"http:\/\/www.kahrom.de\/wp-content\/uploads\/2020\/03\/christopher-burns-8KfCR12oeUM-unsplash-scaled.jpg","contentUrl":"http:\/\/www.kahrom.de\/wp-content\/uploads\/2020\/03\/christopher-burns-8KfCR12oeUM-unsplash-scaled.jpg"},{"@type":"BreadcrumbList","@id":"https:\/\/www.kahrom.de\/?page_id=536&lang=en#breadcrumb","itemListElement":[{"@type":"ListItem","position":1,"name":"Startseite","item":"https:\/\/www.kahrom.de\/"},{"@type":"ListItem","position":2,"name":"Field reports on my employment"}]},{"@type":"WebSite","@id":"https:\/\/www.kahrom.de\/#website","url":"https:\/\/www.kahrom.de\/","name":"Gesch\u00e4ftsleitung auf Zeit!","description":"Interiemsmanagement","publisher":{"@id":"https:\/\/www.kahrom.de\/#\/schema\/person\/37b407becf92570dc7f7a5ac82da1092"},"potentialAction":[{"@type":"SearchAction","target":{"@type":"EntryPoint","urlTemplate":"https:\/\/www.kahrom.de\/?s={search_term_string}"},"query-input":{"@type":"PropertyValueSpecification","valueRequired":true,"valueName":"search_term_string"}}],"inLanguage":"de"},{"@type":["Person","Organization"],"@id":"https:\/\/www.kahrom.de\/#\/schema\/person\/37b407becf92570dc7f7a5ac82da1092","name":"Kami Kahrom","image":{"@type":"ImageObject","inLanguage":"de","@id":"https:\/\/www.kahrom.de\/#\/schema\/person\/image\/","url":"https:\/\/secure.gravatar.com\/avatar\/cd3480e50cf0ed48367617c85dcd0c19?s=96&d=mm&r=g","contentUrl":"https:\/\/secure.gravatar.com\/avatar\/cd3480e50cf0ed48367617c85dcd0c19?s=96&d=mm&r=g","caption":"Kami Kahrom"},"logo":{"@id":"https:\/\/www.kahrom.de\/#\/schema\/person\/image\/"}}]}},"_links":{"self":[{"href":"https:\/\/www.kahrom.de\/index.php?rest_route=\/wp\/v2\/pages\/536"}],"collection":[{"href":"https:\/\/www.kahrom.de\/index.php?rest_route=\/wp\/v2\/pages"}],"about":[{"href":"https:\/\/www.kahrom.de\/index.php?rest_route=\/wp\/v2\/types\/page"}],"author":[{"embeddable":true,"href":"https:\/\/www.kahrom.de\/index.php?rest_route=\/wp\/v2\/users\/1"}],"replies":[{"embeddable":true,"href":"https:\/\/www.kahrom.de\/index.php?rest_route=%2Fwp%2Fv2%2Fcomments&post=536"}],"version-history":[{"count":8,"href":"https:\/\/www.kahrom.de\/index.php?rest_route=\/wp\/v2\/pages\/536\/revisions"}],"predecessor-version":[{"id":559,"href":"https:\/\/www.kahrom.de\/index.php?rest_route=\/wp\/v2\/pages\/536\/revisions\/559"}],"wp:attachment":[{"href":"https:\/\/www.kahrom.de\/index.php?rest_route=%2Fwp%2Fv2%2Fmedia&parent=536"}],"curies":[{"name":"wp","href":"https:\/\/api.w.org\/{rel}","templated":true}]}}