{"id":523,"date":"2020-03-17T20:35:23","date_gmt":"2020-03-17T19:35:23","guid":{"rendered":"http:\/\/www.kahrom.de\/?page_id=523"},"modified":"2021-04-01T22:10:10","modified_gmt":"2021-04-01T20:10:10","slug":"references-2","status":"publish","type":"page","link":"https:\/\/www.kahrom.de\/?page_id=523&lang=en","title":{"rendered":"References"},"content":{"rendered":"<div id=\"pl-523\"  class=\"panel-layout\" ><div id=\"pg-523-0\"  class=\"panel-grid panel-has-style\" ><div class=\"siteorigin-panels-stretch mob-pad-30 panel-row-style panel-row-style-for-523-0\" style=\"background-image: url(https:\/\/www.kahrom.de\/wp-content\/uploads\/2020\/02\/leadership-3-scaled.jpg);padding: 150px 0; \" data-stretch-type=\"full-stretched\" data-hasbg=\"hasbg\" data-overlay=\"true\" data-overlay-color=\"#000000\" ><div id=\"pgc-523-0-0\"  class=\"panel-grid-cell\" ><div id=\"panel-523-0-0-0\" class=\"so-panel widget widget_black-studio-tinymce widget_black_studio_tinymce panel-first-child panel-last-child\" data-index=\"0\" ><div style=\"text-align: left;\" data-title-color=\"#443f3f\" data-headings-color=\"#443f3f\" class=\"panel-widget-style panel-widget-style-for-523-0-0-0\" ><div class=\"textwidget\"><h2 style=\"text-align: center;\"><span style=\"color: #ffffff; font-size: 36pt;\"><b>References!<\/b><\/span><\/h2>\n<\/div><\/div><\/div><\/div><\/div><\/div><div id=\"pg-523-1\"  class=\"panel-grid panel-has-style\" ><div class=\"siteorigin-panels-stretch panel-row-style panel-row-style-for-523-1\" style=\"padding: 0px 0; \" data-stretch-type=\"full-stretched\" data-overlay=\"true\" data-overlay-color=\"#000000\" ><div id=\"pgc-523-1-0\"  class=\"panel-grid-cell\" ><div id=\"panel-523-1-0-0\" class=\"so-panel widget widget_black-studio-tinymce widget_black_studio_tinymce panel-first-child panel-last-child\" data-index=\"1\" ><div style=\"text-align: left;\" data-title-color=\"#443f3f\" data-headings-color=\"#443f3f\" class=\"panel-widget-style panel-widget-style-for-523-1-0-0\" ><h3 class=\"widget-title\">Filtration technology                      <\/h3><div class=\"textwidget\"><p>&nbsp;<\/p>\n<p style=\"text-align: center;\"><strong>International Sales Manager,<\/strong> responsible for sales, marketing and R&amp;D of new products<\/p>\n<p>&nbsp;<\/p>\n<\/div><\/div><\/div><\/div><div id=\"pgc-523-1-1\"  class=\"panel-grid-cell\" ><div id=\"panel-523-1-1-0\" class=\"so-panel widget widget_black-studio-tinymce widget_black_studio_tinymce panel-first-child panel-last-child\" data-index=\"2\" ><div style=\"text-align: left;\" data-title-color=\"#443f3f\" data-headings-color=\"#443f3f\" class=\"panel-widget-style panel-widget-style-for-523-1-1-0\" ><h3 class=\"widget-title\">Communications technology<\/h3><div class=\"textwidget\"><p>&nbsp;<\/p>\n<p style=\"text-align: center;\"><strong>CEO, <\/strong>responsible for expansion in Southern Germany<\/p>\n<\/div><\/div><\/div><\/div><div id=\"pgc-523-1-2\"  class=\"panel-grid-cell\" ><div id=\"panel-523-1-2-0\" class=\"so-panel widget widget_black-studio-tinymce widget_black_studio_tinymce panel-first-child panel-last-child\" data-index=\"3\" ><div style=\"text-align: left;\" data-title-color=\"#443f3f\" data-headings-color=\"#443f3f\" class=\"panel-widget-style panel-widget-style-for-523-1-2-0\" ><h3 class=\"widget-title\">Overseas                              <\/h3><div class=\"textwidget\"><p>&nbsp;<\/p>\n<p style=\"text-align: center;\"><strong>CEO,<\/strong> development and expansion of a sales company based in England with headquarters in Bristol<\/p>\n<\/div><\/div><\/div><\/div><\/div><\/div><div id=\"pg-523-2\"  class=\"panel-grid panel-has-style\" ><div class=\"siteorigin-panels-stretch panel-row-style panel-row-style-for-523-2\" style=\"padding: 0px 0; \" data-stretch-type=\"full-stretched\" data-overlay=\"true\" data-overlay-color=\"#000000\" ><div id=\"pgc-523-2-0\"  class=\"panel-grid-cell\" ><div id=\"panel-523-2-0-0\" class=\"so-panel widget widget_black-studio-tinymce widget_black_studio_tinymce panel-first-child panel-last-child\" data-index=\"4\" ><div style=\"text-align: left;\" data-title-color=\"#443f3f\" data-headings-color=\"#443f3f\" class=\"panel-widget-style panel-widget-style-for-523-2-0-0\" ><h3 class=\"widget-title\">Control technology<\/h3><div class=\"textwidget\"><p style=\"text-align: center;\"><strong>CEO,<\/strong> responsible for 23 employees<\/p>\n<p style=\"text-align: center;\">Focus: Business development, process management, sales and strategy development<\/p>\n<\/div><\/div><\/div><\/div><div id=\"pgc-523-2-1\"  class=\"panel-grid-cell\" ><div id=\"panel-523-2-1-0\" class=\"so-panel widget widget_black-studio-tinymce widget_black_studio_tinymce panel-first-child panel-last-child\" data-index=\"5\" ><div style=\"text-align: left;\" data-title-color=\"#443f3f\" data-headings-color=\"#443f3f\" class=\"panel-widget-style panel-widget-style-for-523-2-1-0\" ><h3 class=\"widget-title\">Coating technology<\/h3><div class=\"textwidget\"><p style=\"text-align: center;\"><strong>CEO,<\/strong> responsible for 50 employees<\/p>\n<p style=\"text-align: center;\">Focus: Averting insolvency. Reorganisation of the company and introduction of new technologies and distribution channels<\/p>\n<\/div><\/div><\/div><\/div><div id=\"pgc-523-2-2\"  class=\"panel-grid-cell\" ><div id=\"panel-523-2-2-0\" class=\"so-panel widget widget_black-studio-tinymce widget_black_studio_tinymce panel-first-child panel-last-child\" data-index=\"6\" ><div style=\"text-align: left;\" data-title-color=\"#443f3f\" data-headings-color=\"#443f3f\" class=\"panel-widget-style panel-widget-style-for-523-2-2-0\" ><h3 class=\"widget-title\">Transport equipment<\/h3><div class=\"textwidget\"><p style=\"text-align: center;\"><strong>CEO,<\/strong> responsible for 95 employees<\/p>\n<p style=\"text-align: center;\">Focus: Business development by means of international sales strategy, process management and introducing new products<\/p>\n<\/div><\/div><\/div><\/div><\/div><\/div><div id=\"pg-523-3\"  class=\"panel-grid panel-has-style\" ><div class=\"siteorigin-panels-stretch panel-row-style panel-row-style-for-523-3\" style=\"padding: 0px 0; \" data-stretch-type=\"full-stretched\" data-overlay=\"true\" data-overlay-color=\"#000000\" ><div id=\"pgc-523-3-0\"  class=\"panel-grid-cell\" ><div id=\"panel-523-3-0-0\" class=\"so-panel widget widget_black-studio-tinymce widget_black_studio_tinymce panel-first-child panel-last-child\" data-index=\"7\" ><div style=\"text-align: left;\" data-title-color=\"#443f3f\" data-headings-color=\"#443f3f\" class=\"panel-widget-style panel-widget-style-for-523-3-0-0\" ><h3 class=\"widget-title\">Exhaust systems<\/h3><div class=\"textwidget\"><p style=\"text-align: center;\"><strong>CEO:<\/strong>\u00a0responsible for 60 employees with annual turnover of \u20ac 30 million<\/p>\n<p style=\"text-align: center;\">Focus: Restructuring of Sales, Controlling, Technology and Development departments. Handover of restructured departments with associated strategy to the shareholders<\/p>\n<\/div><\/div><\/div><\/div><div id=\"pgc-523-3-1\"  class=\"panel-grid-cell\" ><div id=\"panel-523-3-1-0\" class=\"so-panel widget widget_black-studio-tinymce widget_black_studio_tinymce panel-first-child panel-last-child\" data-index=\"8\" ><div style=\"text-align: left;\" data-title-color=\"#443f3f\" data-headings-color=\"#443f3f\" class=\"panel-widget-style panel-widget-style-for-523-3-1-0\" ><h3 class=\"widget-title\">Management consultancy<\/h3><div class=\"textwidget\"><p style=\"text-align: center;\"><strong>Focus:<\/strong> Cooperation with experienced management consultants in the area of interim management, restructuring, process management and sales<\/p>\n<\/div><\/div><\/div><\/div><div id=\"pgc-523-3-2\"  class=\"panel-grid-cell\" ><div id=\"panel-523-3-2-0\" class=\"so-panel widget widget_black-studio-tinymce widget_black_studio_tinymce panel-first-child panel-last-child\" data-index=\"9\" ><div style=\"text-align: left;\" data-title-color=\"#443f3f\" data-headings-color=\"#443f3f\" class=\"panel-widget-style panel-widget-style-for-523-3-2-0\" ><h3 class=\"widget-title\">Property management<\/h3><div class=\"textwidget\"><p style=\"text-align: center;\"><strong>A consortium of 42 individual companies<\/strong><\/p>\n<p style=\"text-align: center;\"><strong>Interim manager:<\/strong> Reorganisation of operational processes, particularly in the area of commercial and sales activities. After 58 years, it was necessary to restructure the individual companies and hand them over to the next generation<\/p>\n<\/div><\/div><\/div><\/div><\/div><\/div><div id=\"pg-523-4\"  class=\"panel-grid panel-has-style\" ><div class=\"siteorigin-panels-stretch mob-pad-30 panel-row-style panel-row-style-for-523-4\" style=\"background-image: url(https:\/\/www.kahrom.de\/wp-content\/uploads\/2020\/02\/leadership-3-scaled.jpg);padding: 100px 0; \" data-stretch-type=\"full-stretched\" data-hasbg=\"hasbg\" data-overlay=\"true\" data-overlay-color=\"#000000\" ><div id=\"pgc-523-4-0\"  class=\"panel-grid-cell\" ><div id=\"panel-523-4-0-0\" class=\"so-panel widget widget_black-studio-tinymce widget_black_studio_tinymce panel-first-child\" data-index=\"10\" ><div style=\"text-align: left;\" data-title-color=\"#443f3f\" data-headings-color=\"#443f3f\" class=\"panel-widget-style panel-widget-style-for-523-4-0-0\" ><div class=\"textwidget\"><h2 style=\"text-align: center;\"><span style=\"color: #ffffff; font-size: 36pt;\"><strong>Field reports on my employment<\/strong>!<\/span><\/h2>\n<\/div><\/div><\/div><div id=\"panel-523-4-0-1\" class=\"so-panel widget widget_sow-button panel-last-child\" data-index=\"11\" ><div style=\"text-align: left;\" data-title-color=\"#443f3f\" data-headings-color=\"#443f3f\" class=\"panel-widget-style panel-widget-style-for-523-4-0-1\" ><div\n\t\t\t\n\t\t\tclass=\"so-widget-sow-button so-widget-sow-button-wire-e54fb989e796-523\"\n\t\t\t\n\t\t><div class=\"ow-button-base ow-button-align-center\"\n>\n\t\t\t<a\n\t\t\t\t\thref=\"http:\/\/www.kahrom.de\/?page_id=536&#038;lang=en\"\n\t\t\t\t\tclass=\"sowb-button ow-icon-placement-left\" target=\"_blank\" rel=\"noopener noreferrer\" \t>\n\t\t<span>\n\t\t\t\n\t\t\tMore...\t\t<\/span>\n\t\t\t<\/a>\n\t<\/div>\n<\/div><\/div><\/div><\/div><\/div><\/div><\/div>","protected":false},"excerpt":{"rendered":"<p>References! &nbsp; International Sales Manager, responsible for sales, marketing and R&amp;D of new products &nbsp; &nbsp; CEO, responsible for expansion in Southern [&hellip;]<\/p>\n","protected":false},"author":1,"featured_media":0,"parent":0,"menu_order":0,"comment_status":"closed","ping_status":"closed","template":"page-templates\/page_front-page.php","meta":{"footnotes":""},"yoast_head":"<!-- This site is optimized with the Yoast SEO plugin v23.5 - https:\/\/yoast.com\/wordpress\/plugins\/seo\/ -->\n<title>Kahrom-Gesch\u00e4ftsf\u00fchrer-interim management<\/title>\n<meta name=\"description\" content=\"Kahrom-Kahrom.de-Alleingesch\u00e4ftsf\u00fchrer-Gesch\u00e4ftsf\u00fchrer-interim management-management auf Zeit\" \/>\n<meta name=\"robots\" content=\"index, follow, max-snippet:-1, max-image-preview:large, max-video-preview:-1\" \/>\n<link rel=\"canonical\" href=\"https:\/\/www.kahrom.de\/?page_id=523&lang=en\" \/>\n<meta property=\"og:locale\" content=\"de_DE\" \/>\n<meta property=\"og:type\" content=\"article\" \/>\n<meta property=\"og:title\" content=\"Kahrom-Gesch\u00e4ftsf\u00fchrer-interim management\" \/>\n<meta property=\"og:description\" content=\"Kahrom-Kahrom.de-Alleingesch\u00e4ftsf\u00fchrer-Gesch\u00e4ftsf\u00fchrer-interim management-management auf Zeit\" \/>\n<meta property=\"og:url\" content=\"https:\/\/www.kahrom.de\/?page_id=523&amp;lang=en\" \/>\n<meta property=\"og:site_name\" content=\"Gesch\u00e4ftsleitung auf Zeit!\" \/>\n<meta property=\"article:modified_time\" content=\"2021-04-01T20:10:10+00:00\" \/>\n<meta name=\"twitter:card\" content=\"summary_large_image\" \/>\n<meta name=\"twitter:label1\" content=\"Gesch\u00e4tzte Lesezeit\" \/>\n\t<meta name=\"twitter:data1\" content=\"1\u00a0Minute\" \/>\n<script type=\"application\/ld+json\" class=\"yoast-schema-graph\">{\"@context\":\"https:\/\/schema.org\",\"@graph\":[{\"@type\":\"WebPage\",\"@id\":\"https:\/\/www.kahrom.de\/?page_id=523&lang=en\",\"url\":\"https:\/\/www.kahrom.de\/?page_id=523&lang=en\",\"name\":\"Kahrom-Gesch\u00e4ftsf\u00fchrer-interim management\",\"isPartOf\":{\"@id\":\"https:\/\/www.kahrom.de\/#website\"},\"datePublished\":\"2020-03-17T19:35:23+00:00\",\"dateModified\":\"2021-04-01T20:10:10+00:00\",\"description\":\"Kahrom-Kahrom.de-Alleingesch\u00e4ftsf\u00fchrer-Gesch\u00e4ftsf\u00fchrer-interim management-management auf Zeit\",\"breadcrumb\":{\"@id\":\"https:\/\/www.kahrom.de\/?page_id=523&lang=en#breadcrumb\"},\"inLanguage\":\"de\",\"potentialAction\":[{\"@type\":\"ReadAction\",\"target\":[\"https:\/\/www.kahrom.de\/?page_id=523&lang=en\"]}]},{\"@type\":\"BreadcrumbList\",\"@id\":\"https:\/\/www.kahrom.de\/?page_id=523&lang=en#breadcrumb\",\"itemListElement\":[{\"@type\":\"ListItem\",\"position\":1,\"name\":\"Startseite\",\"item\":\"https:\/\/www.kahrom.de\/\"},{\"@type\":\"ListItem\",\"position\":2,\"name\":\"References\"}]},{\"@type\":\"WebSite\",\"@id\":\"https:\/\/www.kahrom.de\/#website\",\"url\":\"https:\/\/www.kahrom.de\/\",\"name\":\"Gesch\u00e4ftsleitung auf Zeit!\",\"description\":\"Interiemsmanagement\",\"publisher\":{\"@id\":\"https:\/\/www.kahrom.de\/#\/schema\/person\/37b407becf92570dc7f7a5ac82da1092\"},\"potentialAction\":[{\"@type\":\"SearchAction\",\"target\":{\"@type\":\"EntryPoint\",\"urlTemplate\":\"https:\/\/www.kahrom.de\/?s={search_term_string}\"},\"query-input\":{\"@type\":\"PropertyValueSpecification\",\"valueRequired\":true,\"valueName\":\"search_term_string\"}}],\"inLanguage\":\"de\"},{\"@type\":[\"Person\",\"Organization\"],\"@id\":\"https:\/\/www.kahrom.de\/#\/schema\/person\/37b407becf92570dc7f7a5ac82da1092\",\"name\":\"Kami Kahrom\",\"image\":{\"@type\":\"ImageObject\",\"inLanguage\":\"de\",\"@id\":\"https:\/\/www.kahrom.de\/#\/schema\/person\/image\/\",\"url\":\"https:\/\/secure.gravatar.com\/avatar\/cd3480e50cf0ed48367617c85dcd0c19?s=96&d=mm&r=g\",\"contentUrl\":\"https:\/\/secure.gravatar.com\/avatar\/cd3480e50cf0ed48367617c85dcd0c19?s=96&d=mm&r=g\",\"caption\":\"Kami Kahrom\"},\"logo\":{\"@id\":\"https:\/\/www.kahrom.de\/#\/schema\/person\/image\/\"}}]}<\/script>\n<!-- \/ Yoast SEO plugin. -->","yoast_head_json":{"title":"Kahrom-Gesch\u00e4ftsf\u00fchrer-interim management","description":"Kahrom-Kahrom.de-Alleingesch\u00e4ftsf\u00fchrer-Gesch\u00e4ftsf\u00fchrer-interim management-management auf Zeit","robots":{"index":"index","follow":"follow","max-snippet":"max-snippet:-1","max-image-preview":"max-image-preview:large","max-video-preview":"max-video-preview:-1"},"canonical":"https:\/\/www.kahrom.de\/?page_id=523&lang=en","og_locale":"de_DE","og_type":"article","og_title":"Kahrom-Gesch\u00e4ftsf\u00fchrer-interim management","og_description":"Kahrom-Kahrom.de-Alleingesch\u00e4ftsf\u00fchrer-Gesch\u00e4ftsf\u00fchrer-interim management-management auf Zeit","og_url":"https:\/\/www.kahrom.de\/?page_id=523&lang=en","og_site_name":"Gesch\u00e4ftsleitung auf Zeit!","article_modified_time":"2021-04-01T20:10:10+00:00","twitter_card":"summary_large_image","twitter_misc":{"Gesch\u00e4tzte Lesezeit":"1\u00a0Minute"},"schema":{"@context":"https:\/\/schema.org","@graph":[{"@type":"WebPage","@id":"https:\/\/www.kahrom.de\/?page_id=523&lang=en","url":"https:\/\/www.kahrom.de\/?page_id=523&lang=en","name":"Kahrom-Gesch\u00e4ftsf\u00fchrer-interim management","isPartOf":{"@id":"https:\/\/www.kahrom.de\/#website"},"datePublished":"2020-03-17T19:35:23+00:00","dateModified":"2021-04-01T20:10:10+00:00","description":"Kahrom-Kahrom.de-Alleingesch\u00e4ftsf\u00fchrer-Gesch\u00e4ftsf\u00fchrer-interim management-management auf Zeit","breadcrumb":{"@id":"https:\/\/www.kahrom.de\/?page_id=523&lang=en#breadcrumb"},"inLanguage":"de","potentialAction":[{"@type":"ReadAction","target":["https:\/\/www.kahrom.de\/?page_id=523&lang=en"]}]},{"@type":"BreadcrumbList","@id":"https:\/\/www.kahrom.de\/?page_id=523&lang=en#breadcrumb","itemListElement":[{"@type":"ListItem","position":1,"name":"Startseite","item":"https:\/\/www.kahrom.de\/"},{"@type":"ListItem","position":2,"name":"References"}]},{"@type":"WebSite","@id":"https:\/\/www.kahrom.de\/#website","url":"https:\/\/www.kahrom.de\/","name":"Gesch\u00e4ftsleitung auf Zeit!","description":"Interiemsmanagement","publisher":{"@id":"https:\/\/www.kahrom.de\/#\/schema\/person\/37b407becf92570dc7f7a5ac82da1092"},"potentialAction":[{"@type":"SearchAction","target":{"@type":"EntryPoint","urlTemplate":"https:\/\/www.kahrom.de\/?s={search_term_string}"},"query-input":{"@type":"PropertyValueSpecification","valueRequired":true,"valueName":"search_term_string"}}],"inLanguage":"de"},{"@type":["Person","Organization"],"@id":"https:\/\/www.kahrom.de\/#\/schema\/person\/37b407becf92570dc7f7a5ac82da1092","name":"Kami Kahrom","image":{"@type":"ImageObject","inLanguage":"de","@id":"https:\/\/www.kahrom.de\/#\/schema\/person\/image\/","url":"https:\/\/secure.gravatar.com\/avatar\/cd3480e50cf0ed48367617c85dcd0c19?s=96&d=mm&r=g","contentUrl":"https:\/\/secure.gravatar.com\/avatar\/cd3480e50cf0ed48367617c85dcd0c19?s=96&d=mm&r=g","caption":"Kami Kahrom"},"logo":{"@id":"https:\/\/www.kahrom.de\/#\/schema\/person\/image\/"}}]}},"_links":{"self":[{"href":"https:\/\/www.kahrom.de\/index.php?rest_route=\/wp\/v2\/pages\/523"}],"collection":[{"href":"https:\/\/www.kahrom.de\/index.php?rest_route=\/wp\/v2\/pages"}],"about":[{"href":"https:\/\/www.kahrom.de\/index.php?rest_route=\/wp\/v2\/types\/page"}],"author":[{"embeddable":true,"href":"https:\/\/www.kahrom.de\/index.php?rest_route=\/wp\/v2\/users\/1"}],"replies":[{"embeddable":true,"href":"https:\/\/www.kahrom.de\/index.php?rest_route=%2Fwp%2Fv2%2Fcomments&post=523"}],"version-history":[{"count":47,"href":"https:\/\/www.kahrom.de\/index.php?rest_route=\/wp\/v2\/pages\/523\/revisions"}],"predecessor-version":[{"id":661,"href":"https:\/\/www.kahrom.de\/index.php?rest_route=\/wp\/v2\/pages\/523\/revisions\/661"}],"wp:attachment":[{"href":"https:\/\/www.kahrom.de\/index.php?rest_route=%2Fwp%2Fv2%2Fmedia&parent=523"}],"curies":[{"name":"wp","href":"https:\/\/api.w.org\/{rel}","templated":true}]}}