{"id":428,"date":"2020-03-10T20:00:00","date_gmt":"2020-03-10T19:00:00","guid":{"rendered":"http:\/\/www.kahrom.de\/?page_id=428"},"modified":"2021-04-01T22:38:14","modified_gmt":"2021-04-01T20:38:14","slug":"praxisberichte","status":"publish","type":"page","link":"https:\/\/www.kahrom.de\/?page_id=428","title":{"rendered":"Praxisberichte"},"content":{"rendered":"<div id=\"pl-428\"  class=\"panel-layout\" ><div id=\"pg-428-0\"  class=\"panel-grid panel-has-style\" ><div class=\"siteorigin-panels-stretch mob-pad-30 panel-row-style panel-row-style-for-428-0\" style=\"background-image: url(https:\/\/www.kahrom.de\/wp-content\/uploads\/2020\/02\/trent-erwin-UgA3Xvi3SkA-unsplash-scaled.jpg);padding: 150px 0; \" data-stretch-type=\"full-stretched\" data-hasbg=\"hasbg\" data-overlay=\"true\" data-overlay-color=\"#000000\" ><div id=\"pgc-428-0-0\"  class=\"panel-grid-cell\" ><div id=\"panel-428-0-0-0\" class=\"so-panel widget widget_black-studio-tinymce widget_black_studio_tinymce panel-first-child panel-last-child\" data-index=\"0\" ><div style=\"text-align: left;\" data-title-color=\"#443f3f\" data-headings-color=\"#443f3f\" class=\"panel-widget-style panel-widget-style-for-428-0-0-0\" ><div class=\"textwidget\"><h2 style=\"text-align: center;\"><span style=\"color: #ffffff;\">Praxisberichte!<\/span><\/h2>\n<\/div><\/div><\/div><\/div><\/div><\/div><div id=\"pg-428-1\"  class=\"panel-grid panel-has-style\" ><div class=\"siteorigin-panels-stretch panel-row-style panel-row-style-for-428-1\" style=\"padding: 0px 0; \" data-stretch-type=\"full-stretched\" data-overlay=\"true\" data-overlay-color=\"#000000\" ><div id=\"pgc-428-1-0\"  class=\"panel-grid-cell\" ><div id=\"panel-428-1-0-0\" class=\"so-panel widget widget_black-studio-tinymce widget_black_studio_tinymce panel-first-child panel-last-child\" data-index=\"1\" ><div style=\"text-align: left;\" data-title-color=\"#443f3f\" data-headings-color=\"#443f3f\" class=\"panel-widget-style panel-widget-style-for-428-1-0-0\" ><h3 class=\"widget-title\">Change-Management<\/h3><div class=\"textwidget\"><p><b>Unternehmen:<\/b> Produzierendes Gewerbe, 30 Mio. \u20ac Umsatz\/a, 60 Mitarbeiter<br \/>\n<strong>Position:<\/strong> Gesch\u00e4ftsf\u00fchrer<br \/>\n<strong>Situation:<\/strong> Interne Unstimmigkeiten zwischen Produktion, Vertrieb und Technik; dadurch Produktionsprobleme und sinkende Kundenzufriedenheit<br \/>\n<strong>Aufgabe:<\/strong> Analyse und L\u00f6sungsfindung<br \/>\n<strong>Herausforderung:<\/strong> \u201eAuffangen der Mitarbeiter\u201c, Effektivit\u00e4tssteigerung bei gleichzeitiger Kostensenkung.<br \/>\n<strong>Ergebnis:<\/strong> Durch Change-Management stand nach 12 Monaten eine zukunftsorientierte Abteilung f\u00fcr Technik und Entwicklung, welche die Kundenw\u00fcnsche direkt umsetzte und neue Produkte f\u00fcr die Zukunft strukturiert entwickeln konnte.<\/p>\n<\/div><\/div><\/div><\/div><div id=\"pgc-428-1-1\"  class=\"panel-grid-cell\" ><div id=\"panel-428-1-1-0\" class=\"so-panel widget widget_black-studio-tinymce widget_black_studio_tinymce panel-first-child panel-last-child\" data-index=\"2\" ><div style=\"text-align: left;\" data-title-color=\"#443f3f\" data-headings-color=\"#443f3f\" class=\"panel-widget-style panel-widget-style-for-428-1-1-0\" ><div class=\"textwidget\"><p><img loading=\"lazy\" decoding=\"async\" class=\"aligncenter size-full wp-image-429\" src=\"http:\/\/www.kahrom.de\/wp-content\/uploads\/2020\/03\/christopher-burns-8KfCR12oeUM-unsplash-scaled.jpg\" alt=\"\" width=\"2560\" height=\"1707\" srcset=\"https:\/\/www.kahrom.de\/wp-content\/uploads\/2020\/03\/christopher-burns-8KfCR12oeUM-unsplash-scaled.jpg 2560w, https:\/\/www.kahrom.de\/wp-content\/uploads\/2020\/03\/christopher-burns-8KfCR12oeUM-unsplash-300x200.jpg 300w, https:\/\/www.kahrom.de\/wp-content\/uploads\/2020\/03\/christopher-burns-8KfCR12oeUM-unsplash-1024x683.jpg 1024w, https:\/\/www.kahrom.de\/wp-content\/uploads\/2020\/03\/christopher-burns-8KfCR12oeUM-unsplash-768x512.jpg 768w, https:\/\/www.kahrom.de\/wp-content\/uploads\/2020\/03\/christopher-burns-8KfCR12oeUM-unsplash-1536x1024.jpg 1536w, https:\/\/www.kahrom.de\/wp-content\/uploads\/2020\/03\/christopher-burns-8KfCR12oeUM-unsplash-2048x1365.jpg 2048w, https:\/\/www.kahrom.de\/wp-content\/uploads\/2020\/03\/christopher-burns-8KfCR12oeUM-unsplash-830x553.jpg 830w, https:\/\/www.kahrom.de\/wp-content\/uploads\/2020\/03\/christopher-burns-8KfCR12oeUM-unsplash-230x153.jpg 230w, https:\/\/www.kahrom.de\/wp-content\/uploads\/2020\/03\/christopher-burns-8KfCR12oeUM-unsplash-350x233.jpg 350w, https:\/\/www.kahrom.de\/wp-content\/uploads\/2020\/03\/christopher-burns-8KfCR12oeUM-unsplash-480x320.jpg 480w, https:\/\/www.kahrom.de\/wp-content\/uploads\/2020\/03\/christopher-burns-8KfCR12oeUM-unsplash-272x182.jpg 272w\" sizes=\"(max-width: 2560px) 100vw, 2560px\" \/><\/p>\n<\/div><\/div><\/div><\/div><\/div><\/div><div id=\"pg-428-2\"  class=\"panel-grid panel-has-style\" ><div class=\"siteorigin-panels-stretch panel-row-style panel-row-style-for-428-2\" style=\"padding: 0px 0; \" data-stretch-type=\"full-stretched\" data-overlay=\"true\" data-overlay-color=\"#000000\" ><div id=\"pgc-428-2-0\"  class=\"panel-grid-cell\" ><div id=\"panel-428-2-0-0\" class=\"so-panel widget widget_black-studio-tinymce widget_black_studio_tinymce panel-first-child panel-last-child\" data-index=\"3\" ><div style=\"text-align: left;\" data-title-color=\"#443f3f\" data-headings-color=\"#443f3f\" class=\"panel-widget-style panel-widget-style-for-428-2-0-0\" ><div class=\"textwidget\"><p><img loading=\"lazy\" decoding=\"async\" class=\"alignnone size-full wp-image-430\" src=\"http:\/\/www.kahrom.de\/wp-content\/uploads\/2020\/03\/crystal-kwok-mhUsz2ezlXQ-unsplash-scaled.jpg\" alt=\"\" width=\"2560\" height=\"1707\" srcset=\"https:\/\/www.kahrom.de\/wp-content\/uploads\/2020\/03\/crystal-kwok-mhUsz2ezlXQ-unsplash-scaled.jpg 2560w, https:\/\/www.kahrom.de\/wp-content\/uploads\/2020\/03\/crystal-kwok-mhUsz2ezlXQ-unsplash-300x200.jpg 300w, https:\/\/www.kahrom.de\/wp-content\/uploads\/2020\/03\/crystal-kwok-mhUsz2ezlXQ-unsplash-1024x683.jpg 1024w, https:\/\/www.kahrom.de\/wp-content\/uploads\/2020\/03\/crystal-kwok-mhUsz2ezlXQ-unsplash-768x512.jpg 768w, https:\/\/www.kahrom.de\/wp-content\/uploads\/2020\/03\/crystal-kwok-mhUsz2ezlXQ-unsplash-1536x1024.jpg 1536w, https:\/\/www.kahrom.de\/wp-content\/uploads\/2020\/03\/crystal-kwok-mhUsz2ezlXQ-unsplash-2048x1365.jpg 2048w, https:\/\/www.kahrom.de\/wp-content\/uploads\/2020\/03\/crystal-kwok-mhUsz2ezlXQ-unsplash-830x553.jpg 830w, https:\/\/www.kahrom.de\/wp-content\/uploads\/2020\/03\/crystal-kwok-mhUsz2ezlXQ-unsplash-230x153.jpg 230w, https:\/\/www.kahrom.de\/wp-content\/uploads\/2020\/03\/crystal-kwok-mhUsz2ezlXQ-unsplash-350x233.jpg 350w, https:\/\/www.kahrom.de\/wp-content\/uploads\/2020\/03\/crystal-kwok-mhUsz2ezlXQ-unsplash-480x320.jpg 480w, https:\/\/www.kahrom.de\/wp-content\/uploads\/2020\/03\/crystal-kwok-mhUsz2ezlXQ-unsplash-272x182.jpg 272w\" sizes=\"(max-width: 2560px) 100vw, 2560px\" \/><\/p>\n<\/div><\/div><\/div><\/div><div id=\"pgc-428-2-1\"  class=\"panel-grid-cell\" ><div id=\"panel-428-2-1-0\" class=\"so-panel widget widget_black-studio-tinymce widget_black_studio_tinymce panel-first-child panel-last-child\" data-index=\"4\" ><div style=\"text-align: left;\" data-title-color=\"#443f3f\" data-headings-color=\"#443f3f\" class=\"panel-widget-style panel-widget-style-for-428-2-1-0\" ><h3 class=\"widget-title\">Digitale Transformation<\/h3><div class=\"textwidget\"><p><strong>Unternehmen: <\/strong>Produzierendes Gewerbe, 17 Mio. \u20ac Umsatz\/a, 95 Mitarbeiter<br \/>\n<strong>Position:<\/strong> Gesch\u00e4ftsf\u00fchrer<br \/>\n<strong>Situation:<\/strong> Starke Abh\u00e4ngigkeit von einem Gro\u00dfkunden<br \/>\n<strong>Aufgabe:<\/strong> Neukundengewinnung<br \/>\n<strong>Herausforderung:<\/strong> Eingefahrene Vertriebsstrukturen, Kommunikation der Abteilungen und Kundenorientierung.<br \/>\n<strong>Ergebnis:<\/strong> Durch digitale Transformation aus dem Controlling heraus, wurden alle Aktivit\u00e4ten messbar gemacht. Zudem wurden die Prinzipien der Agilit\u00e4t als Geisteshaltung eingef\u00fchrt. Eine Kombination, die jeden Vertriebsmitarbeiter in die Lage versetzte, monatlich seine Leistungen selbst zu beurteilen. Damit war es m\u00f6glich, Ziele zu vereinbaren, die mit der Firmenstrategie in Einklang standen.<\/p>\n<\/div><\/div><\/div><\/div><\/div><\/div><div id=\"pg-428-3\"  class=\"panel-grid panel-has-style\" ><div class=\"siteorigin-panels-stretch panel-row-style panel-row-style-for-428-3\" style=\"padding: -20px 0; \" data-stretch-type=\"full-stretched\" data-overlay=\"true\" data-overlay-color=\"#000000\" ><div id=\"pgc-428-3-0\"  class=\"panel-grid-cell\" ><div id=\"panel-428-3-0-0\" class=\"so-panel widget widget_black-studio-tinymce widget_black_studio_tinymce panel-first-child panel-last-child\" data-index=\"5\" ><div style=\"text-align: left;\" data-title-color=\"#443f3f\" data-headings-color=\"#443f3f\" class=\"panel-widget-style panel-widget-style-for-428-3-0-0\" ><h3 class=\"widget-title\">Unternehmensstrategie und Organisation<\/h3><div class=\"textwidget\"><p><strong>Unternehmen: <\/strong>Produzierendes Gewerbe und Dienstleistungen, 10 Mio. \u20ac Umsatz\/a,\u00a050 Mitarbeiter<br \/>\n<strong>Position:<\/strong> Gesch\u00e4ftsf\u00fchrer<br \/>\n<strong>Situation:<\/strong> Drohende Insolvenz und Generationswechsel.<br \/>\n<strong>Aufgabe:<\/strong> Strategieentwicklung und\u00a0-implementierung im Unternehmen<br \/>\n<strong>Herausforderung:<\/strong> Abwendung einer Insolvenz, indem Kunden, Lieferanten, Mitarbeitern und Banken glaubw\u00fcrdige Perspektiven aufgezeigt wurden. Dies geschah durch eine aus den Marktbedingungen entwickelte Strategie, die alle Beteiligten zum Weitermachen ermutigte.<br \/>\n<strong>Ergebnis:<\/strong> Nach zwei Jahren konnte der n\u00e4chsten Generation ein funktionierendes Unternehmen \u00fcbergeben werden, welches seinen Verbindlichkeiten nachkommt und allen eine Zukunft bietet.<\/p>\n<\/div><\/div><\/div><\/div><div id=\"pgc-428-3-1\"  class=\"panel-grid-cell\" ><div id=\"panel-428-3-1-0\" class=\"so-panel widget widget_black-studio-tinymce widget_black_studio_tinymce panel-first-child panel-last-child\" data-index=\"6\" ><div style=\"text-align: left;\" data-title-color=\"#443f3f\" data-headings-color=\"#443f3f\" class=\"panel-widget-style panel-widget-style-for-428-3-1-0\" ><div class=\"textwidget\"><p><img loading=\"lazy\" decoding=\"async\" class=\"aligncenter size-full wp-image-516\" src=\"http:\/\/www.kahrom.de\/wp-content\/uploads\/2020\/03\/Eigen.jpg\" alt=\"\" width=\"2557\" height=\"1705\" srcset=\"https:\/\/www.kahrom.de\/wp-content\/uploads\/2020\/03\/Eigen.jpg 2557w, https:\/\/www.kahrom.de\/wp-content\/uploads\/2020\/03\/Eigen-300x200.jpg 300w, https:\/\/www.kahrom.de\/wp-content\/uploads\/2020\/03\/Eigen-1024x683.jpg 1024w, https:\/\/www.kahrom.de\/wp-content\/uploads\/2020\/03\/Eigen-768x512.jpg 768w, https:\/\/www.kahrom.de\/wp-content\/uploads\/2020\/03\/Eigen-1536x1024.jpg 1536w, https:\/\/www.kahrom.de\/wp-content\/uploads\/2020\/03\/Eigen-2048x1366.jpg 2048w, https:\/\/www.kahrom.de\/wp-content\/uploads\/2020\/03\/Eigen-830x553.jpg 830w, https:\/\/www.kahrom.de\/wp-content\/uploads\/2020\/03\/Eigen-230x153.jpg 230w, https:\/\/www.kahrom.de\/wp-content\/uploads\/2020\/03\/Eigen-350x233.jpg 350w, https:\/\/www.kahrom.de\/wp-content\/uploads\/2020\/03\/Eigen-480x320.jpg 480w, https:\/\/www.kahrom.de\/wp-content\/uploads\/2020\/03\/Eigen-272x182.jpg 272w\" sizes=\"(max-width: 2557px) 100vw, 2557px\" \/><\/p>\n<\/div><\/div><\/div><\/div><\/div><\/div><div id=\"pg-428-4\"  class=\"panel-grid panel-has-style\" ><div class=\"siteorigin-panels-stretch panel-row-style panel-row-style-for-428-4\" style=\"padding: 0px 0; \" data-stretch-type=\"full-stretched\" data-overlay=\"true\" data-overlay-color=\"#000000\" ><div id=\"pgc-428-4-0\"  class=\"panel-grid-cell\" ><div id=\"panel-428-4-0-0\" class=\"so-panel widget widget_black-studio-tinymce widget_black_studio_tinymce panel-first-child panel-last-child\" data-index=\"7\" ><div style=\"text-align: left;\" data-title-color=\"#443f3f\" data-headings-color=\"#443f3f\" class=\"panel-widget-style panel-widget-style-for-428-4-0-0\" ><div class=\"textwidget\"><p><img loading=\"lazy\" decoding=\"async\" class=\"aligncenter size-full wp-image-517\" src=\"http:\/\/www.kahrom.de\/wp-content\/uploads\/2020\/03\/christopher-burns-Kj2SaNHG-hg-unsplash-scaled.jpg\" alt=\"\" width=\"2560\" height=\"1707\" srcset=\"https:\/\/www.kahrom.de\/wp-content\/uploads\/2020\/03\/christopher-burns-Kj2SaNHG-hg-unsplash-scaled.jpg 2560w, https:\/\/www.kahrom.de\/wp-content\/uploads\/2020\/03\/christopher-burns-Kj2SaNHG-hg-unsplash-300x200.jpg 300w, https:\/\/www.kahrom.de\/wp-content\/uploads\/2020\/03\/christopher-burns-Kj2SaNHG-hg-unsplash-1024x683.jpg 1024w, https:\/\/www.kahrom.de\/wp-content\/uploads\/2020\/03\/christopher-burns-Kj2SaNHG-hg-unsplash-768x512.jpg 768w, https:\/\/www.kahrom.de\/wp-content\/uploads\/2020\/03\/christopher-burns-Kj2SaNHG-hg-unsplash-1536x1024.jpg 1536w, https:\/\/www.kahrom.de\/wp-content\/uploads\/2020\/03\/christopher-burns-Kj2SaNHG-hg-unsplash-2048x1365.jpg 2048w, https:\/\/www.kahrom.de\/wp-content\/uploads\/2020\/03\/christopher-burns-Kj2SaNHG-hg-unsplash-830x553.jpg 830w, https:\/\/www.kahrom.de\/wp-content\/uploads\/2020\/03\/christopher-burns-Kj2SaNHG-hg-unsplash-230x153.jpg 230w, https:\/\/www.kahrom.de\/wp-content\/uploads\/2020\/03\/christopher-burns-Kj2SaNHG-hg-unsplash-350x233.jpg 350w, https:\/\/www.kahrom.de\/wp-content\/uploads\/2020\/03\/christopher-burns-Kj2SaNHG-hg-unsplash-480x320.jpg 480w, https:\/\/www.kahrom.de\/wp-content\/uploads\/2020\/03\/christopher-burns-Kj2SaNHG-hg-unsplash-272x182.jpg 272w\" sizes=\"(max-width: 2560px) 100vw, 2560px\" \/><\/p>\n<\/div><\/div><\/div><\/div><div id=\"pgc-428-4-1\"  class=\"panel-grid-cell\" ><div id=\"panel-428-4-1-0\" class=\"so-panel widget widget_black-studio-tinymce widget_black_studio_tinymce panel-first-child panel-last-child\" data-index=\"8\" ><div style=\"text-align: left;\" data-title-color=\"#443f3f\" data-headings-color=\"#443f3f\" class=\"panel-widget-style panel-widget-style-for-428-4-1-0\" ><h3 class=\"widget-title\">Strategisches Business Development<\/h3><div class=\"textwidget\"><p><strong>Unternehmen: <\/strong>Elektrotechnik, 12 Mio. \u20ac Umsatz\/a, 43 Mitarbeiter<br \/>\n<strong>Position:<\/strong> Gesch\u00e4ftsf\u00fchrer<br \/>\n<strong>Situation:<\/strong> Gesellschafter w\u00fcnschten eine Vorbereitung f\u00fcr die bevorstehende M&amp;A.<br \/>\n<strong>Aufgabe:<\/strong> Stabilisierung, Erweiterung und Implementierung neuer Gesch\u00e4ftsfelder f\u00fcr eine positivere Unternehmensbewertung.<br \/>\n<strong>Herausforderung:<\/strong> Entwicklung und Umsetzung einer neuen Strategie zur Umsatz- und Ertragssteigerung.<br \/>\n<strong>Ergebnis:<\/strong> Absetzen vom Wettbewerb und Sichern des Gesch\u00e4ftsmodells durch zwei angemeldete Patente sowie Einf\u00fchrung der ISO 9001:2015 mit integrierter Firmenstrategie als Leitplanken f\u00fcr die n\u00e4chsten Jahre.<\/p>\n<\/div><\/div><\/div><\/div><\/div><\/div><div id=\"pg-428-5\"  class=\"panel-grid panel-has-style\" ><div style=\"padding: 100px 0; \" data-overlay=\"true\" data-overlay-color=\"#000000\" class=\"panel-row-style panel-row-style-for-428-5\" ><div id=\"pgc-428-5-0\"  class=\"panel-grid-cell\" ><div id=\"panel-428-5-0-0\" class=\"so-panel widget widget_black-studio-tinymce widget_black_studio_tinymce panel-first-child panel-last-child\" data-index=\"9\" ><div style=\"text-align: left;\" data-title-color=\"#443f3f\" data-headings-color=\"#443f3f\" class=\"panel-widget-style panel-widget-style-for-428-5-0-0\" ><h3 class=\"widget-title\">Nachweise und Details gern auf Anfrage<\/h3><div class=\"textwidget\"><\/div><\/div><\/div><\/div><\/div><\/div><\/div>","protected":false},"excerpt":{"rendered":"<p>Praxisberichte! Unternehmen: Produzierendes Gewerbe, 30 Mio. \u20ac Umsatz\/a, 60 Mitarbeiter Position: Gesch\u00e4ftsf\u00fchrer Situation: Interne Unstimmigkeiten zwischen Produktion, Vertrieb und Technik; dadurch Produktionsprobleme [&hellip;]<\/p>\n","protected":false},"author":1,"featured_media":0,"parent":0,"menu_order":0,"comment_status":"closed","ping_status":"closed","template":"page-templates\/page_front-page.php","meta":{"footnotes":""},"yoast_head":"<!-- This site is optimized with the Yoast SEO plugin v23.5 - https:\/\/yoast.com\/wordpress\/plugins\/seo\/ -->\n<title>Kahrom-Gesch\u00e4ftsf\u00fchrer-interim management<\/title>\n<meta name=\"description\" content=\"Kahrom-Kahrom.de-Alleingesch\u00e4ftsf\u00fchrer-Gesch\u00e4ftsf\u00fchrer-interim management-management auf Zeit\" \/>\n<meta name=\"robots\" content=\"index, follow, max-snippet:-1, max-image-preview:large, max-video-preview:-1\" \/>\n<link rel=\"canonical\" href=\"https:\/\/www.kahrom.de\/?page_id=428\" \/>\n<meta property=\"og:locale\" content=\"de_DE\" \/>\n<meta property=\"og:type\" content=\"article\" \/>\n<meta property=\"og:title\" content=\"Kahrom-Gesch\u00e4ftsf\u00fchrer-interim management\" \/>\n<meta property=\"og:description\" content=\"Kahrom-Kahrom.de-Alleingesch\u00e4ftsf\u00fchrer-Gesch\u00e4ftsf\u00fchrer-interim management-management auf Zeit\" \/>\n<meta property=\"og:url\" content=\"https:\/\/www.kahrom.de\/?page_id=428\" \/>\n<meta property=\"og:site_name\" content=\"Gesch\u00e4ftsleitung auf Zeit!\" \/>\n<meta property=\"article:modified_time\" content=\"2021-04-01T20:38:14+00:00\" \/>\n<meta property=\"og:image\" content=\"http:\/\/www.kahrom.de\/wp-content\/uploads\/2020\/03\/christopher-burns-8KfCR12oeUM-unsplash-scaled.jpg\" \/>\n<meta name=\"twitter:card\" content=\"summary_large_image\" \/>\n<meta name=\"twitter:label1\" content=\"Gesch\u00e4tzte Lesezeit\" \/>\n\t<meta name=\"twitter:data1\" content=\"3\u00a0Minuten\" \/>\n<script type=\"application\/ld+json\" class=\"yoast-schema-graph\">{\"@context\":\"https:\/\/schema.org\",\"@graph\":[{\"@type\":\"WebPage\",\"@id\":\"https:\/\/www.kahrom.de\/?page_id=428\",\"url\":\"https:\/\/www.kahrom.de\/?page_id=428\",\"name\":\"Kahrom-Gesch\u00e4ftsf\u00fchrer-interim management\",\"isPartOf\":{\"@id\":\"https:\/\/www.kahrom.de\/#website\"},\"primaryImageOfPage\":{\"@id\":\"https:\/\/www.kahrom.de\/?page_id=428#primaryimage\"},\"image\":{\"@id\":\"https:\/\/www.kahrom.de\/?page_id=428#primaryimage\"},\"thumbnailUrl\":\"http:\/\/www.kahrom.de\/wp-content\/uploads\/2020\/03\/christopher-burns-8KfCR12oeUM-unsplash-scaled.jpg\",\"datePublished\":\"2020-03-10T19:00:00+00:00\",\"dateModified\":\"2021-04-01T20:38:14+00:00\",\"description\":\"Kahrom-Kahrom.de-Alleingesch\u00e4ftsf\u00fchrer-Gesch\u00e4ftsf\u00fchrer-interim management-management auf Zeit\",\"breadcrumb\":{\"@id\":\"https:\/\/www.kahrom.de\/?page_id=428#breadcrumb\"},\"inLanguage\":\"de\",\"potentialAction\":[{\"@type\":\"ReadAction\",\"target\":[\"https:\/\/www.kahrom.de\/?page_id=428\"]}]},{\"@type\":\"ImageObject\",\"inLanguage\":\"de\",\"@id\":\"https:\/\/www.kahrom.de\/?page_id=428#primaryimage\",\"url\":\"http:\/\/www.kahrom.de\/wp-content\/uploads\/2020\/03\/christopher-burns-8KfCR12oeUM-unsplash-scaled.jpg\",\"contentUrl\":\"http:\/\/www.kahrom.de\/wp-content\/uploads\/2020\/03\/christopher-burns-8KfCR12oeUM-unsplash-scaled.jpg\"},{\"@type\":\"BreadcrumbList\",\"@id\":\"https:\/\/www.kahrom.de\/?page_id=428#breadcrumb\",\"itemListElement\":[{\"@type\":\"ListItem\",\"position\":1,\"name\":\"Startseite\",\"item\":\"https:\/\/www.kahrom.de\/\"},{\"@type\":\"ListItem\",\"position\":2,\"name\":\"Praxisberichte\"}]},{\"@type\":\"WebSite\",\"@id\":\"https:\/\/www.kahrom.de\/#website\",\"url\":\"https:\/\/www.kahrom.de\/\",\"name\":\"Gesch\u00e4ftsleitung auf Zeit!\",\"description\":\"Interiemsmanagement\",\"publisher\":{\"@id\":\"https:\/\/www.kahrom.de\/#\/schema\/person\/37b407becf92570dc7f7a5ac82da1092\"},\"potentialAction\":[{\"@type\":\"SearchAction\",\"target\":{\"@type\":\"EntryPoint\",\"urlTemplate\":\"https:\/\/www.kahrom.de\/?s={search_term_string}\"},\"query-input\":{\"@type\":\"PropertyValueSpecification\",\"valueRequired\":true,\"valueName\":\"search_term_string\"}}],\"inLanguage\":\"de\"},{\"@type\":[\"Person\",\"Organization\"],\"@id\":\"https:\/\/www.kahrom.de\/#\/schema\/person\/37b407becf92570dc7f7a5ac82da1092\",\"name\":\"Kami Kahrom\",\"image\":{\"@type\":\"ImageObject\",\"inLanguage\":\"de\",\"@id\":\"https:\/\/www.kahrom.de\/#\/schema\/person\/image\/\",\"url\":\"https:\/\/secure.gravatar.com\/avatar\/cd3480e50cf0ed48367617c85dcd0c19?s=96&d=mm&r=g\",\"contentUrl\":\"https:\/\/secure.gravatar.com\/avatar\/cd3480e50cf0ed48367617c85dcd0c19?s=96&d=mm&r=g\",\"caption\":\"Kami Kahrom\"},\"logo\":{\"@id\":\"https:\/\/www.kahrom.de\/#\/schema\/person\/image\/\"}}]}<\/script>\n<!-- \/ Yoast SEO plugin. -->","yoast_head_json":{"title":"Kahrom-Gesch\u00e4ftsf\u00fchrer-interim management","description":"Kahrom-Kahrom.de-Alleingesch\u00e4ftsf\u00fchrer-Gesch\u00e4ftsf\u00fchrer-interim management-management auf Zeit","robots":{"index":"index","follow":"follow","max-snippet":"max-snippet:-1","max-image-preview":"max-image-preview:large","max-video-preview":"max-video-preview:-1"},"canonical":"https:\/\/www.kahrom.de\/?page_id=428","og_locale":"de_DE","og_type":"article","og_title":"Kahrom-Gesch\u00e4ftsf\u00fchrer-interim management","og_description":"Kahrom-Kahrom.de-Alleingesch\u00e4ftsf\u00fchrer-Gesch\u00e4ftsf\u00fchrer-interim management-management auf Zeit","og_url":"https:\/\/www.kahrom.de\/?page_id=428","og_site_name":"Gesch\u00e4ftsleitung auf Zeit!","article_modified_time":"2021-04-01T20:38:14+00:00","og_image":[{"url":"http:\/\/www.kahrom.de\/wp-content\/uploads\/2020\/03\/christopher-burns-8KfCR12oeUM-unsplash-scaled.jpg"}],"twitter_card":"summary_large_image","twitter_misc":{"Gesch\u00e4tzte Lesezeit":"3\u00a0Minuten"},"schema":{"@context":"https:\/\/schema.org","@graph":[{"@type":"WebPage","@id":"https:\/\/www.kahrom.de\/?page_id=428","url":"https:\/\/www.kahrom.de\/?page_id=428","name":"Kahrom-Gesch\u00e4ftsf\u00fchrer-interim management","isPartOf":{"@id":"https:\/\/www.kahrom.de\/#website"},"primaryImageOfPage":{"@id":"https:\/\/www.kahrom.de\/?page_id=428#primaryimage"},"image":{"@id":"https:\/\/www.kahrom.de\/?page_id=428#primaryimage"},"thumbnailUrl":"http:\/\/www.kahrom.de\/wp-content\/uploads\/2020\/03\/christopher-burns-8KfCR12oeUM-unsplash-scaled.jpg","datePublished":"2020-03-10T19:00:00+00:00","dateModified":"2021-04-01T20:38:14+00:00","description":"Kahrom-Kahrom.de-Alleingesch\u00e4ftsf\u00fchrer-Gesch\u00e4ftsf\u00fchrer-interim management-management auf Zeit","breadcrumb":{"@id":"https:\/\/www.kahrom.de\/?page_id=428#breadcrumb"},"inLanguage":"de","potentialAction":[{"@type":"ReadAction","target":["https:\/\/www.kahrom.de\/?page_id=428"]}]},{"@type":"ImageObject","inLanguage":"de","@id":"https:\/\/www.kahrom.de\/?page_id=428#primaryimage","url":"http:\/\/www.kahrom.de\/wp-content\/uploads\/2020\/03\/christopher-burns-8KfCR12oeUM-unsplash-scaled.jpg","contentUrl":"http:\/\/www.kahrom.de\/wp-content\/uploads\/2020\/03\/christopher-burns-8KfCR12oeUM-unsplash-scaled.jpg"},{"@type":"BreadcrumbList","@id":"https:\/\/www.kahrom.de\/?page_id=428#breadcrumb","itemListElement":[{"@type":"ListItem","position":1,"name":"Startseite","item":"https:\/\/www.kahrom.de\/"},{"@type":"ListItem","position":2,"name":"Praxisberichte"}]},{"@type":"WebSite","@id":"https:\/\/www.kahrom.de\/#website","url":"https:\/\/www.kahrom.de\/","name":"Gesch\u00e4ftsleitung auf Zeit!","description":"Interiemsmanagement","publisher":{"@id":"https:\/\/www.kahrom.de\/#\/schema\/person\/37b407becf92570dc7f7a5ac82da1092"},"potentialAction":[{"@type":"SearchAction","target":{"@type":"EntryPoint","urlTemplate":"https:\/\/www.kahrom.de\/?s={search_term_string}"},"query-input":{"@type":"PropertyValueSpecification","valueRequired":true,"valueName":"search_term_string"}}],"inLanguage":"de"},{"@type":["Person","Organization"],"@id":"https:\/\/www.kahrom.de\/#\/schema\/person\/37b407becf92570dc7f7a5ac82da1092","name":"Kami Kahrom","image":{"@type":"ImageObject","inLanguage":"de","@id":"https:\/\/www.kahrom.de\/#\/schema\/person\/image\/","url":"https:\/\/secure.gravatar.com\/avatar\/cd3480e50cf0ed48367617c85dcd0c19?s=96&d=mm&r=g","contentUrl":"https:\/\/secure.gravatar.com\/avatar\/cd3480e50cf0ed48367617c85dcd0c19?s=96&d=mm&r=g","caption":"Kami Kahrom"},"logo":{"@id":"https:\/\/www.kahrom.de\/#\/schema\/person\/image\/"}}]}},"_links":{"self":[{"href":"https:\/\/www.kahrom.de\/index.php?rest_route=\/wp\/v2\/pages\/428"}],"collection":[{"href":"https:\/\/www.kahrom.de\/index.php?rest_route=\/wp\/v2\/pages"}],"about":[{"href":"https:\/\/www.kahrom.de\/index.php?rest_route=\/wp\/v2\/types\/page"}],"author":[{"embeddable":true,"href":"https:\/\/www.kahrom.de\/index.php?rest_route=\/wp\/v2\/users\/1"}],"replies":[{"embeddable":true,"href":"https:\/\/www.kahrom.de\/index.php?rest_route=%2Fwp%2Fv2%2Fcomments&post=428"}],"version-history":[{"count":35,"href":"https:\/\/www.kahrom.de\/index.php?rest_route=\/wp\/v2\/pages\/428\/revisions"}],"predecessor-version":[{"id":469,"href":"https:\/\/www.kahrom.de\/index.php?rest_route=\/wp\/v2\/pages\/428\/revisions\/469"}],"wp:attachment":[{"href":"https:\/\/www.kahrom.de\/index.php?rest_route=%2Fwp%2Fv2%2Fmedia&parent=428"}],"curies":[{"name":"wp","href":"https:\/\/api.w.org\/{rel}","templated":true}]}}