{"id":365,"date":"2020-02-12T20:04:32","date_gmt":"2020-02-12T19:04:32","guid":{"rendered":"http:\/\/www.kahrom.de\/?page_id=365"},"modified":"2020-04-10T20:43:26","modified_gmt":"2020-04-10T18:43:26","slug":"about-me","status":"publish","type":"page","link":"https:\/\/www.kahrom.de\/?page_id=365&lang=en","title":{"rendered":"About me!"},"content":{"rendered":"<div id=\"pl-365\"  class=\"panel-layout\" ><div id=\"pg-365-0\"  class=\"panel-grid panel-has-style\" ><div class=\"siteorigin-panels-stretch mob-pad-30 panel-row-style panel-row-style-for-365-0\" style=\"background-image: url(https:\/\/www.kahrom.de\/wp-content\/uploads\/2020\/01\/4es-Beispiel.jpg);padding: 150px 0; \" data-stretch-type=\"full-stretched\" data-hasbg=\"hasbg\" data-overlay=\"true\" data-overlay-color=\"#000000\" ><div id=\"pgc-365-0-0\"  class=\"panel-grid-cell\" ><div id=\"panel-365-0-0-0\" class=\"so-panel widget widget_black-studio-tinymce widget_black_studio_tinymce panel-first-child panel-last-child\" data-index=\"0\" ><div style=\"text-align: left;\" data-title-color=\"#443f3f\" data-headings-color=\"#443f3f\" class=\"panel-widget-style panel-widget-style-for-365-0-0-0\" ><div class=\"textwidget\"><h2 style=\"text-align: center;\"><span style=\"color: #ffffff;\">About me!<\/span><\/h2>\n<\/div><\/div><\/div><\/div><\/div><\/div><div id=\"pg-365-1\"  class=\"panel-grid panel-has-style\" ><div style=\"padding: 30px 0; \" data-overlay=\"true\" data-overlay-color=\"#000000\" class=\"panel-row-style panel-row-style-for-365-1\" ><div id=\"pgc-365-1-0\"  class=\"panel-grid-cell\" ><div id=\"panel-365-1-0-0\" class=\"so-panel widget widget_black-studio-tinymce widget_black_studio_tinymce panel-first-child panel-last-child\" data-index=\"1\" ><div style=\"text-align: left;\" data-title-color=\"#443f3f\" data-headings-color=\"#443f3f\" class=\"panel-widget-style panel-widget-style-for-365-1-0-0\" ><div class=\"textwidget\"><h3 style=\"text-align: center;\"><\/h3>\n<p><img loading=\"lazy\" decoding=\"async\" class=\" wp-image-161 aligncenter\" src=\"https:\/\/www.kahrom.de\/wp-content\/uploads\/2020\/02\/Bild-\u00fcber-mich-300x214.png\" alt=\"\" width=\"347\" height=\"248\" srcset=\"https:\/\/www.kahrom.de\/wp-content\/uploads\/2020\/02\/Bild-\u00fcber-mich-300x214.png 300w, https:\/\/www.kahrom.de\/wp-content\/uploads\/2020\/02\/Bild-\u00fcber-mich-1024x731.png 1024w, https:\/\/www.kahrom.de\/wp-content\/uploads\/2020\/02\/Bild-\u00fcber-mich-768x549.png 768w, https:\/\/www.kahrom.de\/wp-content\/uploads\/2020\/02\/Bild-\u00fcber-mich-1536x1097.png 1536w, https:\/\/www.kahrom.de\/wp-content\/uploads\/2020\/02\/Bild-\u00fcber-mich-2048x1463.png 2048w, https:\/\/www.kahrom.de\/wp-content\/uploads\/2020\/02\/Bild-\u00fcber-mich-830x593.png 830w, https:\/\/www.kahrom.de\/wp-content\/uploads\/2020\/02\/Bild-\u00fcber-mich-230x164.png 230w, https:\/\/www.kahrom.de\/wp-content\/uploads\/2020\/02\/Bild-\u00fcber-mich-350x250.png 350w, https:\/\/www.kahrom.de\/wp-content\/uploads\/2020\/02\/Bild-\u00fcber-mich-480x343.png 480w\" sizes=\"(max-width: 347px) 100vw, 347px\" \/><\/p>\n<h3 style=\"text-align: center;\"><span style=\"color: #324063;\">Kami Klaus Kahrom<\/span><\/h3>\n<h4 style=\"text-align: center;\"><span style=\"color: #324063; font-size: 12pt;\">Graduate Engineer \/ Environmental Scientist<\/span><\/h4>\n<\/div><\/div><\/div><\/div><\/div><\/div><div id=\"pg-365-2\"  class=\"panel-grid panel-has-style\" ><div class=\"siteorigin-panels-stretch panel-row-style panel-row-style-for-365-2\" style=\"padding: 30px 0; \" data-stretch-type=\"full-stretched\" data-overlay=\"true\" data-overlay-color=\"#000000\" ><div id=\"pgc-365-2-0\"  class=\"panel-grid-cell\" ><div id=\"panel-365-2-0-0\" class=\"so-panel widget widget_sow-editor panel-first-child\" data-index=\"2\" ><div style=\"text-align: left;\" data-title-color=\"#443f3f\" data-headings-color=\"#443f3f\" class=\"panel-widget-style panel-widget-style-for-365-2-0-0\" ><div\n\t\t\t\n\t\t\tclass=\"so-widget-sow-editor so-widget-sow-editor-base\"\n\t\t\t\n\t\t>\n<div class=\"siteorigin-widget-tinymce textwidget\">\n\t<p style=\"text-align: center;\">I have worked as CEO, sales manager and area manager since the early 90s. I have been available to companies for hire as an external CEO since 2008. I frequently work in international business segments and take care of business and organisational development for my clients, optimising processes and initiating future strategies for them. In my client relationships, I believe in openness, transparency and clear values. I am an engineer and a scientist. I love and practise a hands-on mentality and can demonstrate my skills as a strategic planning and implementation expert. \u00a0Born in Giessen and living in southern Hesse, I have access to a solid network. I focus on business development issues in family enterprises. My aim is not just to develop attractive concepts but also to implement them myself. To do this, I temporarily take over management functions within the company \u2013 and leave again when my tasks have been successfully completed.<\/p>\n<\/div>\n<\/div><\/div><\/div><div id=\"panel-365-2-0-1\" class=\"so-panel widget widget_sydney_facts sydney_facts_widget panel-last-child\" data-index=\"3\" ><div style=\"text-align: left;\" data-title-color=\"#443f3f\" data-headings-color=\"#443f3f\" class=\"panel-widget-style panel-widget-style-for-365-2-0-1\" >\r\n\t\t\r\n\t\t\t\t<div class=\"col-md-3 col-sm-3\">\r\n\t\t\t<div class=\"roll-counter\">\r\n\t\t\t\t<i class=\"fa fa-lightbulb-o\"><\/i>\r\n\t\t\t\t<div class=\"name-count\">Patents<\/div>\r\n\t\t\t\t<div class=\"numb-count\" data-from=\"0\" data-to=\"8\" data-speed=\"2000\" data-waypoint-active=\"yes\">8<\/div>\r\n\t\t\t<\/div>\r\n\t\t<\/div>\r\n\t\t\t\t\t\t<div class=\"col-md-3 col-sm-3\">\r\n\t\t\t<div class=\"roll-counter\">\r\n\t\t\t\t<i class=\"fa fa-clock-o\"><\/i>\r\n\t\t\t\t<div class=\"name-count\">Years of experience as CEO<\/div>\r\n\t\t\t\t<div class=\"numb-count\" data-from=\"0\" data-to=\"12\" data-speed=\"2000\" data-waypoint-active=\"yes\">12<\/div>\r\n\t\t\t<\/div>\r\n\t\t<\/div>\r\n\t\t\t\t\t\t<div class=\"col-md-3 col-sm-3\">\r\n\t\t\t<div class=\"roll-counter\">\r\n\t\t\t\t<i class=\"fa fa-cogs\"><\/i>\r\n\t\t\t\t<div class=\"name-count\">Industries<\/div>\r\n\t\t\t\t<div class=\"numb-count\" data-from=\"0\" data-to=\"8\" data-speed=\"2000\" data-waypoint-active=\"yes\">8<\/div>\r\n\t\t\t<\/div>\r\n\t\t<\/div>\r\n\t\t\t\t\t\t<div class=\"col-md-3 col-sm-3\">\r\n\t\t\t<div class=\"roll-counter\">\r\n\t\t\t\t<i class=\"fa fa-euro\"><\/i>\r\n\t\t\t\t<div class=\"name-count\">Budget responsibility in m.<\/div>\r\n\t\t\t\t<div class=\"numb-count\" data-from=\"0\" data-to=\"100\" data-speed=\"2000\" data-waypoint-active=\"yes\">100<\/div>\r\n\t\t\t<\/div>\r\n\t\t<\/div>\r\n\t\t\r\n\t<\/div><\/div><\/div><\/div><\/div><\/div>","protected":false},"excerpt":{"rendered":"<p>About me! Kami Klaus Kahrom Graduate Engineer \/ Environmental Scientist<\/p>\n","protected":false},"author":1,"featured_media":9,"parent":0,"menu_order":0,"comment_status":"closed","ping_status":"closed","template":"page-templates\/page_front-page.php","meta":{"footnotes":""},"yoast_head":"<!-- This site is optimized with the Yoast SEO plugin v23.5 - https:\/\/yoast.com\/wordpress\/plugins\/seo\/ -->\n<title>Kahrom-Gesch\u00e4ftsf\u00fchrer-interim management<\/title>\n<meta name=\"description\" content=\"Kahrom-Kahrom.de-Alleingesch\u00e4ftsf\u00fchrer-Gesch\u00e4ftsf\u00fchrer-interim management-management auf Zeit\" \/>\n<meta name=\"robots\" content=\"index, follow, max-snippet:-1, max-image-preview:large, max-video-preview:-1\" \/>\n<link rel=\"canonical\" href=\"https:\/\/www.kahrom.de\/?page_id=365&lang=en\" \/>\n<meta property=\"og:locale\" content=\"de_DE\" \/>\n<meta property=\"og:type\" content=\"article\" \/>\n<meta property=\"og:title\" content=\"Kahrom-Gesch\u00e4ftsf\u00fchrer-interim management\" \/>\n<meta property=\"og:description\" content=\"Kahrom-Kahrom.de-Alleingesch\u00e4ftsf\u00fchrer-Gesch\u00e4ftsf\u00fchrer-interim management-management auf Zeit\" \/>\n<meta property=\"og:url\" content=\"https:\/\/www.kahrom.de\/?page_id=365&amp;lang=en\" \/>\n<meta property=\"og:site_name\" content=\"Gesch\u00e4ftsleitung auf Zeit!\" \/>\n<meta property=\"article:modified_time\" content=\"2020-04-10T18:43:26+00:00\" \/>\n<meta property=\"og:image\" content=\"http:\/\/www.kahrom.de\/wp-content\/uploads\/2020\/01\/4es-Beispiel.jpg\" \/>\n\t<meta property=\"og:image:width\" content=\"2000\" \/>\n\t<meta property=\"og:image:height\" content=\"1333\" \/>\n\t<meta property=\"og:image:type\" content=\"image\/jpeg\" \/>\n<meta name=\"twitter:card\" content=\"summary_large_image\" \/>\n<meta name=\"twitter:label1\" content=\"Gesch\u00e4tzte Lesezeit\" \/>\n\t<meta name=\"twitter:data1\" content=\"1\u00a0Minute\" \/>\n<script type=\"application\/ld+json\" class=\"yoast-schema-graph\">{\"@context\":\"https:\/\/schema.org\",\"@graph\":[{\"@type\":\"WebPage\",\"@id\":\"https:\/\/www.kahrom.de\/?page_id=365&lang=en\",\"url\":\"https:\/\/www.kahrom.de\/?page_id=365&lang=en\",\"name\":\"Kahrom-Gesch\u00e4ftsf\u00fchrer-interim management\",\"isPartOf\":{\"@id\":\"https:\/\/www.kahrom.de\/#website\"},\"primaryImageOfPage\":{\"@id\":\"https:\/\/www.kahrom.de\/?page_id=365&lang=en#primaryimage\"},\"image\":{\"@id\":\"https:\/\/www.kahrom.de\/?page_id=365&lang=en#primaryimage\"},\"thumbnailUrl\":\"https:\/\/www.kahrom.de\/wp-content\/uploads\/2020\/01\/4es-Beispiel.jpg\",\"datePublished\":\"2020-02-12T19:04:32+00:00\",\"dateModified\":\"2020-04-10T18:43:26+00:00\",\"description\":\"Kahrom-Kahrom.de-Alleingesch\u00e4ftsf\u00fchrer-Gesch\u00e4ftsf\u00fchrer-interim management-management auf Zeit\",\"breadcrumb\":{\"@id\":\"https:\/\/www.kahrom.de\/?page_id=365&lang=en#breadcrumb\"},\"inLanguage\":\"de\",\"potentialAction\":[{\"@type\":\"ReadAction\",\"target\":[\"https:\/\/www.kahrom.de\/?page_id=365&lang=en\"]}]},{\"@type\":\"ImageObject\",\"inLanguage\":\"de\",\"@id\":\"https:\/\/www.kahrom.de\/?page_id=365&lang=en#primaryimage\",\"url\":\"https:\/\/www.kahrom.de\/wp-content\/uploads\/2020\/01\/4es-Beispiel.jpg\",\"contentUrl\":\"https:\/\/www.kahrom.de\/wp-content\/uploads\/2020\/01\/4es-Beispiel.jpg\",\"width\":2000,\"height\":1333},{\"@type\":\"BreadcrumbList\",\"@id\":\"https:\/\/www.kahrom.de\/?page_id=365&lang=en#breadcrumb\",\"itemListElement\":[{\"@type\":\"ListItem\",\"position\":1,\"name\":\"Startseite\",\"item\":\"https:\/\/www.kahrom.de\/\"},{\"@type\":\"ListItem\",\"position\":2,\"name\":\"About me!\"}]},{\"@type\":\"WebSite\",\"@id\":\"https:\/\/www.kahrom.de\/#website\",\"url\":\"https:\/\/www.kahrom.de\/\",\"name\":\"Gesch\u00e4ftsleitung auf Zeit!\",\"description\":\"Interiemsmanagement\",\"publisher\":{\"@id\":\"https:\/\/www.kahrom.de\/#\/schema\/person\/37b407becf92570dc7f7a5ac82da1092\"},\"potentialAction\":[{\"@type\":\"SearchAction\",\"target\":{\"@type\":\"EntryPoint\",\"urlTemplate\":\"https:\/\/www.kahrom.de\/?s={search_term_string}\"},\"query-input\":{\"@type\":\"PropertyValueSpecification\",\"valueRequired\":true,\"valueName\":\"search_term_string\"}}],\"inLanguage\":\"de\"},{\"@type\":[\"Person\",\"Organization\"],\"@id\":\"https:\/\/www.kahrom.de\/#\/schema\/person\/37b407becf92570dc7f7a5ac82da1092\",\"name\":\"Kami Kahrom\",\"image\":{\"@type\":\"ImageObject\",\"inLanguage\":\"de\",\"@id\":\"https:\/\/www.kahrom.de\/#\/schema\/person\/image\/\",\"url\":\"https:\/\/secure.gravatar.com\/avatar\/cd3480e50cf0ed48367617c85dcd0c19?s=96&d=mm&r=g\",\"contentUrl\":\"https:\/\/secure.gravatar.com\/avatar\/cd3480e50cf0ed48367617c85dcd0c19?s=96&d=mm&r=g\",\"caption\":\"Kami Kahrom\"},\"logo\":{\"@id\":\"https:\/\/www.kahrom.de\/#\/schema\/person\/image\/\"}}]}<\/script>\n<!-- \/ Yoast SEO plugin. -->","yoast_head_json":{"title":"Kahrom-Gesch\u00e4ftsf\u00fchrer-interim management","description":"Kahrom-Kahrom.de-Alleingesch\u00e4ftsf\u00fchrer-Gesch\u00e4ftsf\u00fchrer-interim management-management auf Zeit","robots":{"index":"index","follow":"follow","max-snippet":"max-snippet:-1","max-image-preview":"max-image-preview:large","max-video-preview":"max-video-preview:-1"},"canonical":"https:\/\/www.kahrom.de\/?page_id=365&lang=en","og_locale":"de_DE","og_type":"article","og_title":"Kahrom-Gesch\u00e4ftsf\u00fchrer-interim management","og_description":"Kahrom-Kahrom.de-Alleingesch\u00e4ftsf\u00fchrer-Gesch\u00e4ftsf\u00fchrer-interim management-management auf Zeit","og_url":"https:\/\/www.kahrom.de\/?page_id=365&lang=en","og_site_name":"Gesch\u00e4ftsleitung auf Zeit!","article_modified_time":"2020-04-10T18:43:26+00:00","og_image":[{"width":2000,"height":1333,"url":"http:\/\/www.kahrom.de\/wp-content\/uploads\/2020\/01\/4es-Beispiel.jpg","type":"image\/jpeg"}],"twitter_card":"summary_large_image","twitter_misc":{"Gesch\u00e4tzte Lesezeit":"1\u00a0Minute"},"schema":{"@context":"https:\/\/schema.org","@graph":[{"@type":"WebPage","@id":"https:\/\/www.kahrom.de\/?page_id=365&lang=en","url":"https:\/\/www.kahrom.de\/?page_id=365&lang=en","name":"Kahrom-Gesch\u00e4ftsf\u00fchrer-interim management","isPartOf":{"@id":"https:\/\/www.kahrom.de\/#website"},"primaryImageOfPage":{"@id":"https:\/\/www.kahrom.de\/?page_id=365&lang=en#primaryimage"},"image":{"@id":"https:\/\/www.kahrom.de\/?page_id=365&lang=en#primaryimage"},"thumbnailUrl":"https:\/\/www.kahrom.de\/wp-content\/uploads\/2020\/01\/4es-Beispiel.jpg","datePublished":"2020-02-12T19:04:32+00:00","dateModified":"2020-04-10T18:43:26+00:00","description":"Kahrom-Kahrom.de-Alleingesch\u00e4ftsf\u00fchrer-Gesch\u00e4ftsf\u00fchrer-interim management-management auf Zeit","breadcrumb":{"@id":"https:\/\/www.kahrom.de\/?page_id=365&lang=en#breadcrumb"},"inLanguage":"de","potentialAction":[{"@type":"ReadAction","target":["https:\/\/www.kahrom.de\/?page_id=365&lang=en"]}]},{"@type":"ImageObject","inLanguage":"de","@id":"https:\/\/www.kahrom.de\/?page_id=365&lang=en#primaryimage","url":"https:\/\/www.kahrom.de\/wp-content\/uploads\/2020\/01\/4es-Beispiel.jpg","contentUrl":"https:\/\/www.kahrom.de\/wp-content\/uploads\/2020\/01\/4es-Beispiel.jpg","width":2000,"height":1333},{"@type":"BreadcrumbList","@id":"https:\/\/www.kahrom.de\/?page_id=365&lang=en#breadcrumb","itemListElement":[{"@type":"ListItem","position":1,"name":"Startseite","item":"https:\/\/www.kahrom.de\/"},{"@type":"ListItem","position":2,"name":"About me!"}]},{"@type":"WebSite","@id":"https:\/\/www.kahrom.de\/#website","url":"https:\/\/www.kahrom.de\/","name":"Gesch\u00e4ftsleitung auf Zeit!","description":"Interiemsmanagement","publisher":{"@id":"https:\/\/www.kahrom.de\/#\/schema\/person\/37b407becf92570dc7f7a5ac82da1092"},"potentialAction":[{"@type":"SearchAction","target":{"@type":"EntryPoint","urlTemplate":"https:\/\/www.kahrom.de\/?s={search_term_string}"},"query-input":{"@type":"PropertyValueSpecification","valueRequired":true,"valueName":"search_term_string"}}],"inLanguage":"de"},{"@type":["Person","Organization"],"@id":"https:\/\/www.kahrom.de\/#\/schema\/person\/37b407becf92570dc7f7a5ac82da1092","name":"Kami Kahrom","image":{"@type":"ImageObject","inLanguage":"de","@id":"https:\/\/www.kahrom.de\/#\/schema\/person\/image\/","url":"https:\/\/secure.gravatar.com\/avatar\/cd3480e50cf0ed48367617c85dcd0c19?s=96&d=mm&r=g","contentUrl":"https:\/\/secure.gravatar.com\/avatar\/cd3480e50cf0ed48367617c85dcd0c19?s=96&d=mm&r=g","caption":"Kami Kahrom"},"logo":{"@id":"https:\/\/www.kahrom.de\/#\/schema\/person\/image\/"}}]}},"_links":{"self":[{"href":"https:\/\/www.kahrom.de\/index.php?rest_route=\/wp\/v2\/pages\/365"}],"collection":[{"href":"https:\/\/www.kahrom.de\/index.php?rest_route=\/wp\/v2\/pages"}],"about":[{"href":"https:\/\/www.kahrom.de\/index.php?rest_route=\/wp\/v2\/types\/page"}],"author":[{"embeddable":true,"href":"https:\/\/www.kahrom.de\/index.php?rest_route=\/wp\/v2\/users\/1"}],"replies":[{"embeddable":true,"href":"https:\/\/www.kahrom.de\/index.php?rest_route=%2Fwp%2Fv2%2Fcomments&post=365"}],"version-history":[{"count":23,"href":"https:\/\/www.kahrom.de\/index.php?rest_route=\/wp\/v2\/pages\/365\/revisions"}],"predecessor-version":[{"id":371,"href":"https:\/\/www.kahrom.de\/index.php?rest_route=\/wp\/v2\/pages\/365\/revisions\/371"}],"wp:featuredmedia":[{"embeddable":true,"href":"https:\/\/www.kahrom.de\/index.php?rest_route=\/wp\/v2\/media\/9"}],"wp:attachment":[{"href":"https:\/\/www.kahrom.de\/index.php?rest_route=%2Fwp%2Fv2%2Fmedia&parent=365"}],"curies":[{"name":"wp","href":"https:\/\/api.w.org\/{rel}","templated":true}]}}