{"id":14,"date":"2020-01-28T14:31:21","date_gmt":"2020-01-28T13:31:21","guid":{"rendered":"https:\/\/www.kahrom.de\/?page_id=14"},"modified":"2021-04-01T22:21:47","modified_gmt":"2021-04-01T20:21:47","slug":"referenzen","status":"publish","type":"page","link":"https:\/\/www.kahrom.de\/?page_id=14","title":{"rendered":"Referenzen"},"content":{"rendered":"<div id=\"pl-14\"  class=\"panel-layout\" ><div id=\"pg-14-0\"  class=\"panel-grid panel-has-style\" ><div class=\"siteorigin-panels-stretch mob-pad-30 panel-row-style panel-row-style-for-14-0\" style=\"background-image: url(https:\/\/www.kahrom.de\/wp-content\/uploads\/2020\/02\/leadership-3-scaled.jpg);padding: 150px 0; \" data-stretch-type=\"full-stretched\" data-hasbg=\"hasbg\" data-overlay=\"true\" data-overlay-color=\"#000000\" ><div id=\"pgc-14-0-0\"  class=\"panel-grid-cell\" ><div id=\"panel-14-0-0-0\" class=\"so-panel widget widget_black-studio-tinymce widget_black_studio_tinymce panel-first-child panel-last-child\" data-index=\"0\" ><div style=\"text-align: left;\" data-title-color=\"#443f3f\" data-headings-color=\"#443f3f\" class=\"panel-widget-style panel-widget-style-for-14-0-0-0\" ><div class=\"textwidget\"><h2 style=\"text-align: center;\"><span style=\"color: #ffffff;\">Referenzen<\/span><\/h2>\n<\/div><\/div><\/div><\/div><\/div><\/div><div id=\"pg-14-1\"  class=\"panel-grid panel-has-style\" ><div class=\"siteorigin-panels-stretch panel-row-style panel-row-style-for-14-1\" style=\"padding: 0px 0; \" data-stretch-type=\"full-stretched\" data-overlay=\"true\" data-overlay-color=\"#000000\" ><div id=\"pgc-14-1-0\"  class=\"panel-grid-cell\" ><div id=\"panel-14-1-0-0\" class=\"so-panel widget widget_black-studio-tinymce widget_black_studio_tinymce panel-first-child panel-last-child\" data-index=\"1\" ><div style=\"text-align: left;\" data-title-color=\"#443f3f\" data-headings-color=\"#443f3f\" class=\"panel-widget-style panel-widget-style-for-14-1-0-0\" ><h3 class=\"widget-title\">Filtrationstechnologie<\/h3><div class=\"textwidget\"><p style=\"text-align: center;\"><strong>Internationaler Vertriebsleiter,<\/strong> verantwortlich f\u00fcr Vertrieb, Marketing sowie F&amp;E neuer Produkte.<\/p>\n<\/div><\/div><\/div><\/div><div id=\"pgc-14-1-1\"  class=\"panel-grid-cell\" ><div id=\"panel-14-1-1-0\" class=\"so-panel widget widget_black-studio-tinymce widget_black_studio_tinymce panel-first-child panel-last-child\" data-index=\"2\" ><div style=\"text-align: left;\" data-title-color=\"#443f3f\" data-headings-color=\"#443f3f\" class=\"panel-widget-style panel-widget-style-for-14-1-1-0\" ><h3 class=\"widget-title\">Mobilfunktechnik<\/h3><div class=\"textwidget\"><p style=\"text-align: center;\"><strong>Gesch\u00e4ftsf\u00fchrer Vertrieb,<\/strong> verantwortlich f\u00fcr die Expansion in S\u00fcddeutschland.<\/p>\n<\/div><\/div><\/div><\/div><div id=\"pgc-14-1-2\"  class=\"panel-grid-cell\" ><div id=\"panel-14-1-2-0\" class=\"so-panel widget widget_black-studio-tinymce widget_black_studio_tinymce panel-first-child panel-last-child\" data-index=\"3\" ><div style=\"text-align: left;\" data-title-color=\"#443f3f\" data-headings-color=\"#443f3f\" class=\"panel-widget-style panel-widget-style-for-14-1-2-0\" ><h3 class=\"widget-title\">Ausland<\/h3><div class=\"textwidget\"><p style=\"text-align: center;\"><strong>Gesch\u00e4ftsf\u00fchrer:<\/strong> Ausbau und Expansion einer in England ans\u00e4ssigen Vertriebsgesellschaft.<\/p>\n<\/div><\/div><\/div><\/div><\/div><\/div><div id=\"pg-14-2\"  class=\"panel-grid panel-has-style\" ><div class=\"siteorigin-panels-stretch panel-row-style panel-row-style-for-14-2\" style=\"padding: 0px 0; \" data-stretch-type=\"full-stretched\" data-overlay=\"true\" data-overlay-color=\"#000000\" ><div id=\"pgc-14-2-0\"  class=\"panel-grid-cell\" ><div id=\"panel-14-2-0-0\" class=\"so-panel widget widget_black-studio-tinymce widget_black_studio_tinymce panel-first-child panel-last-child\" data-index=\"4\" ><div style=\"text-align: left;\" data-title-color=\"#443f3f\" data-headings-color=\"#443f3f\" class=\"panel-widget-style panel-widget-style-for-14-2-0-0\" ><h3 class=\"widget-title\">Steuerungstechnik<\/h3><div class=\"textwidget\"><p style=\"text-align: center;\"><strong>Gesch\u00e4ftsf\u00fchrer,<\/strong> verantwortlich f\u00fcr 23 Mitarbeiter<\/p>\n<p style=\"text-align: center;\">Schwerpunkt: Business Development, Prozessmanagement, Vertrieb und Strategieentwicklung.<\/p>\n<\/div><\/div><\/div><\/div><div id=\"pgc-14-2-1\"  class=\"panel-grid-cell\" ><div id=\"panel-14-2-1-0\" class=\"so-panel widget widget_black-studio-tinymce widget_black_studio_tinymce panel-first-child panel-last-child\" data-index=\"5\" ><div style=\"text-align: left;\" data-title-color=\"#443f3f\" data-headings-color=\"#443f3f\" class=\"panel-widget-style panel-widget-style-for-14-2-1-0\" ><h3 class=\"widget-title\">Beschichtungstechnik<\/h3><div class=\"textwidget\"><p style=\"text-align: center;\"><strong>Gesch\u00e4ftsf\u00fchrer,<\/strong> verantwortlich f\u00fcr 50 Mitarbeiter<\/p>\n<p style=\"text-align: center;\">Schwerpunkt: Abwenden der Insolvenz. Neuorganisation des Betriebs und Einf\u00fchrung neuer Technologien und Vertriebswege.<\/p>\n<\/div><\/div><\/div><\/div><div id=\"pgc-14-2-2\"  class=\"panel-grid-cell\" ><div id=\"panel-14-2-2-0\" class=\"so-panel widget widget_black-studio-tinymce widget_black_studio_tinymce panel-first-child panel-last-child\" data-index=\"6\" ><div style=\"text-align: left;\" data-title-color=\"#443f3f\" data-headings-color=\"#443f3f\" class=\"panel-widget-style panel-widget-style-for-14-2-2-0\" ><h3 class=\"widget-title\">Transportger\u00e4te<\/h3><div class=\"textwidget\"><p style=\"text-align: center;\"><b>Gesch\u00e4ftsf\u00fchrer,<\/b> verantwortlich f\u00fcr 95 Mitarbeiter<\/p>\n<p style=\"text-align: center;\">Schwerpunkt: Business Development durch internationale Vertriebsstrategie und Einf\u00fchrung neuer Produkte.<\/p>\n<\/div><\/div><\/div><\/div><\/div><\/div><div id=\"pg-14-3\"  class=\"panel-grid panel-has-style\" ><div class=\"siteorigin-panels-stretch panel-row-style panel-row-style-for-14-3\" style=\"padding: 0px 0; \" data-stretch-type=\"full-stretched\" data-overlay=\"true\" data-overlay-color=\"#000000\" ><div id=\"pgc-14-3-0\"  class=\"panel-grid-cell\" ><div id=\"panel-14-3-0-0\" class=\"so-panel widget widget_black-studio-tinymce widget_black_studio_tinymce panel-first-child panel-last-child\" data-index=\"7\" ><div style=\"text-align: left;\" data-title-color=\"#443f3f\" data-headings-color=\"#443f3f\" class=\"panel-widget-style panel-widget-style-for-14-3-0-0\" ><h3 class=\"widget-title\">Abgasanlagen<\/h3><div class=\"textwidget\"><p style=\"text-align: center;\"><strong>Gesch\u00e4ftsf\u00fchrer,<\/strong> verantwortlich f\u00fcr 60 Mitarbeiter bei einem Jahresumsatz von 30 Millionen \u20ac.<\/p>\n<p style=\"text-align: center;\"><strong>Schwerpunkt<\/strong>: Restrukturierung der Abteilungen Vertrieb, Controlling, Technik und Entwicklung. \u00dcbergabe der neu strukturierten Abteilungen mit der zugeh\u00f6rigen Strategie an die Gesellschafter.<\/p>\n<\/div><\/div><\/div><\/div><div id=\"pgc-14-3-1\"  class=\"panel-grid-cell\" ><div id=\"panel-14-3-1-0\" class=\"so-panel widget widget_black-studio-tinymce widget_black_studio_tinymce panel-first-child panel-last-child\" data-index=\"8\" ><div style=\"text-align: left;\" data-title-color=\"#443f3f\" data-headings-color=\"#443f3f\" class=\"panel-widget-style panel-widget-style-for-14-3-1-0\" ><h3 class=\"widget-title\">Unternehmensberatung<\/h3><div class=\"textwidget\"><p style=\"text-align: center;\"><strong>Schwerpunkt:<\/strong> Kooperation mit erfahrenen Unternehmensberatern im Bereich Interimsmanagement, Restrukturierung, Prozessmanagement und Vertrieb.<\/p>\n<\/div><\/div><\/div><\/div><div id=\"pgc-14-3-2\"  class=\"panel-grid-cell\" ><div id=\"panel-14-3-2-0\" class=\"so-panel widget widget_black-studio-tinymce widget_black_studio_tinymce panel-first-child panel-last-child\" data-index=\"9\" ><div style=\"text-align: left;\" data-title-color=\"#443f3f\" data-headings-color=\"#443f3f\" class=\"panel-widget-style panel-widget-style-for-14-3-2-0\" ><h3 class=\"widget-title\">Immobilienverwaltung<\/h3><div class=\"textwidget\"><p style=\"text-align: center;\"><b>Ein Konsortium von 42 Einzelfirmen<\/b><\/p>\n<p style=\"text-align: center;\"><strong>Interimsmanager:<\/strong> Neuorganisation der Betriebsprozesse, vor allem im Bereich der kaufm\u00e4nnischen und vertrieblichen Aktivit\u00e4ten. Die Einzelfirmen mussten neu strukturiert und an die n\u00e4chste Generation \u00fcbergeben werden.<\/p>\n<\/div><\/div><\/div><\/div><\/div><\/div><div id=\"pg-14-4\"  class=\"panel-grid panel-has-style\" ><div class=\"siteorigin-panels-stretch mob-pad-30 panel-row-style panel-row-style-for-14-4\" style=\"background-image: url(https:\/\/www.kahrom.de\/wp-content\/uploads\/2020\/02\/leadership-3-scaled.jpg);padding: 100px 0; \" data-stretch-type=\"full-stretched\" data-hasbg=\"hasbg\" data-overlay=\"true\" data-overlay-color=\"#000000\" ><div id=\"pgc-14-4-0\"  class=\"panel-grid-cell\" ><div id=\"panel-14-4-0-0\" class=\"so-panel widget widget_black-studio-tinymce widget_black_studio_tinymce panel-first-child\" data-index=\"10\" ><div style=\"text-align: left;\" data-title-color=\"#443f3f\" data-headings-color=\"#443f3f\" class=\"panel-widget-style panel-widget-style-for-14-4-0-0\" ><div class=\"textwidget\"><h2 style=\"text-align: center;\"><span style=\"color: #ffffff;\">Praxisberichte!<\/span><\/h2>\n<\/div><\/div><\/div><div id=\"panel-14-4-0-1\" class=\"so-panel widget widget_sow-button panel-last-child\" data-index=\"11\" ><div style=\"text-align: left;\" data-title-color=\"#443f3f\" data-headings-color=\"#443f3f\" class=\"panel-widget-style panel-widget-style-for-14-4-0-1\" ><div\n\t\t\t\n\t\t\tclass=\"so-widget-sow-button so-widget-sow-button-wire-e54fb989e796-14\"\n\t\t\t\n\t\t><div class=\"ow-button-base ow-button-align-center\"\n>\n\t\t\t<a\n\t\t\t\t\thref=\"https:\/\/www.kahrom.de\/?page_id=428\"\n\t\t\t\t\tclass=\"sowb-button ow-icon-placement-left\" target=\"_blank\" rel=\"noopener noreferrer\" \t>\n\t\t<span>\n\t\t\t\n\t\t\tMehr erfahren...\t\t<\/span>\n\t\t\t<\/a>\n\t<\/div>\n<\/div><\/div><\/div><\/div><\/div><\/div><\/div>","protected":false},"excerpt":{"rendered":"<p>Referenzen Internationaler Vertriebsleiter, verantwortlich f\u00fcr Vertrieb, Marketing sowie F&amp;E neuer Produkte. Gesch\u00e4ftsf\u00fchrer Vertrieb, verantwortlich f\u00fcr die Expansion in S\u00fcddeutschland. Gesch\u00e4ftsf\u00fchrer: Ausbau und [&hellip;]<\/p>\n","protected":false},"author":1,"featured_media":0,"parent":0,"menu_order":0,"comment_status":"closed","ping_status":"closed","template":"page-templates\/page_front-page.php","meta":{"footnotes":""},"yoast_head":"<!-- This site is optimized with the Yoast SEO plugin v23.5 - https:\/\/yoast.com\/wordpress\/plugins\/seo\/ -->\n<title>Kahrom-Gesch\u00e4ftsf\u00fchrer-interim management<\/title>\n<meta name=\"description\" content=\"Kahrom-Kahrom.de-Alleingesch\u00e4ftsf\u00fchrer-Gesch\u00e4ftsf\u00fchrer-interim management-management auf Zeit\" \/>\n<meta name=\"robots\" content=\"index, follow, max-snippet:-1, max-image-preview:large, max-video-preview:-1\" \/>\n<link rel=\"canonical\" href=\"https:\/\/www.kahrom.de\/?page_id=14\" \/>\n<meta property=\"og:locale\" content=\"de_DE\" \/>\n<meta property=\"og:type\" content=\"article\" \/>\n<meta property=\"og:title\" content=\"Kahrom-Gesch\u00e4ftsf\u00fchrer-interim management\" \/>\n<meta property=\"og:description\" content=\"Kahrom-Kahrom.de-Alleingesch\u00e4ftsf\u00fchrer-Gesch\u00e4ftsf\u00fchrer-interim management-management auf Zeit\" \/>\n<meta property=\"og:url\" content=\"https:\/\/www.kahrom.de\/?page_id=14\" \/>\n<meta property=\"og:site_name\" content=\"Gesch\u00e4ftsleitung auf Zeit!\" \/>\n<meta property=\"article:modified_time\" content=\"2021-04-01T20:21:47+00:00\" \/>\n<meta name=\"twitter:card\" content=\"summary_large_image\" \/>\n<meta name=\"twitter:label1\" content=\"Gesch\u00e4tzte Lesezeit\" \/>\n\t<meta name=\"twitter:data1\" content=\"1\u00a0Minute\" \/>\n<script type=\"application\/ld+json\" class=\"yoast-schema-graph\">{\"@context\":\"https:\/\/schema.org\",\"@graph\":[{\"@type\":\"WebPage\",\"@id\":\"https:\/\/www.kahrom.de\/?page_id=14\",\"url\":\"https:\/\/www.kahrom.de\/?page_id=14\",\"name\":\"Kahrom-Gesch\u00e4ftsf\u00fchrer-interim management\",\"isPartOf\":{\"@id\":\"https:\/\/www.kahrom.de\/#website\"},\"datePublished\":\"2020-01-28T13:31:21+00:00\",\"dateModified\":\"2021-04-01T20:21:47+00:00\",\"description\":\"Kahrom-Kahrom.de-Alleingesch\u00e4ftsf\u00fchrer-Gesch\u00e4ftsf\u00fchrer-interim management-management auf Zeit\",\"breadcrumb\":{\"@id\":\"https:\/\/www.kahrom.de\/?page_id=14#breadcrumb\"},\"inLanguage\":\"de\",\"potentialAction\":[{\"@type\":\"ReadAction\",\"target\":[\"https:\/\/www.kahrom.de\/?page_id=14\"]}]},{\"@type\":\"BreadcrumbList\",\"@id\":\"https:\/\/www.kahrom.de\/?page_id=14#breadcrumb\",\"itemListElement\":[{\"@type\":\"ListItem\",\"position\":1,\"name\":\"Startseite\",\"item\":\"https:\/\/www.kahrom.de\/\"},{\"@type\":\"ListItem\",\"position\":2,\"name\":\"Referenzen\"}]},{\"@type\":\"WebSite\",\"@id\":\"https:\/\/www.kahrom.de\/#website\",\"url\":\"https:\/\/www.kahrom.de\/\",\"name\":\"Gesch\u00e4ftsleitung auf Zeit!\",\"description\":\"Interiemsmanagement\",\"publisher\":{\"@id\":\"https:\/\/www.kahrom.de\/#\/schema\/person\/37b407becf92570dc7f7a5ac82da1092\"},\"potentialAction\":[{\"@type\":\"SearchAction\",\"target\":{\"@type\":\"EntryPoint\",\"urlTemplate\":\"https:\/\/www.kahrom.de\/?s={search_term_string}\"},\"query-input\":{\"@type\":\"PropertyValueSpecification\",\"valueRequired\":true,\"valueName\":\"search_term_string\"}}],\"inLanguage\":\"de\"},{\"@type\":[\"Person\",\"Organization\"],\"@id\":\"https:\/\/www.kahrom.de\/#\/schema\/person\/37b407becf92570dc7f7a5ac82da1092\",\"name\":\"Kami Kahrom\",\"image\":{\"@type\":\"ImageObject\",\"inLanguage\":\"de\",\"@id\":\"https:\/\/www.kahrom.de\/#\/schema\/person\/image\/\",\"url\":\"https:\/\/secure.gravatar.com\/avatar\/cd3480e50cf0ed48367617c85dcd0c19?s=96&d=mm&r=g\",\"contentUrl\":\"https:\/\/secure.gravatar.com\/avatar\/cd3480e50cf0ed48367617c85dcd0c19?s=96&d=mm&r=g\",\"caption\":\"Kami Kahrom\"},\"logo\":{\"@id\":\"https:\/\/www.kahrom.de\/#\/schema\/person\/image\/\"}}]}<\/script>\n<!-- \/ Yoast SEO plugin. -->","yoast_head_json":{"title":"Kahrom-Gesch\u00e4ftsf\u00fchrer-interim management","description":"Kahrom-Kahrom.de-Alleingesch\u00e4ftsf\u00fchrer-Gesch\u00e4ftsf\u00fchrer-interim management-management auf Zeit","robots":{"index":"index","follow":"follow","max-snippet":"max-snippet:-1","max-image-preview":"max-image-preview:large","max-video-preview":"max-video-preview:-1"},"canonical":"https:\/\/www.kahrom.de\/?page_id=14","og_locale":"de_DE","og_type":"article","og_title":"Kahrom-Gesch\u00e4ftsf\u00fchrer-interim management","og_description":"Kahrom-Kahrom.de-Alleingesch\u00e4ftsf\u00fchrer-Gesch\u00e4ftsf\u00fchrer-interim management-management auf Zeit","og_url":"https:\/\/www.kahrom.de\/?page_id=14","og_site_name":"Gesch\u00e4ftsleitung auf Zeit!","article_modified_time":"2021-04-01T20:21:47+00:00","twitter_card":"summary_large_image","twitter_misc":{"Gesch\u00e4tzte Lesezeit":"1\u00a0Minute"},"schema":{"@context":"https:\/\/schema.org","@graph":[{"@type":"WebPage","@id":"https:\/\/www.kahrom.de\/?page_id=14","url":"https:\/\/www.kahrom.de\/?page_id=14","name":"Kahrom-Gesch\u00e4ftsf\u00fchrer-interim management","isPartOf":{"@id":"https:\/\/www.kahrom.de\/#website"},"datePublished":"2020-01-28T13:31:21+00:00","dateModified":"2021-04-01T20:21:47+00:00","description":"Kahrom-Kahrom.de-Alleingesch\u00e4ftsf\u00fchrer-Gesch\u00e4ftsf\u00fchrer-interim management-management auf Zeit","breadcrumb":{"@id":"https:\/\/www.kahrom.de\/?page_id=14#breadcrumb"},"inLanguage":"de","potentialAction":[{"@type":"ReadAction","target":["https:\/\/www.kahrom.de\/?page_id=14"]}]},{"@type":"BreadcrumbList","@id":"https:\/\/www.kahrom.de\/?page_id=14#breadcrumb","itemListElement":[{"@type":"ListItem","position":1,"name":"Startseite","item":"https:\/\/www.kahrom.de\/"},{"@type":"ListItem","position":2,"name":"Referenzen"}]},{"@type":"WebSite","@id":"https:\/\/www.kahrom.de\/#website","url":"https:\/\/www.kahrom.de\/","name":"Gesch\u00e4ftsleitung auf Zeit!","description":"Interiemsmanagement","publisher":{"@id":"https:\/\/www.kahrom.de\/#\/schema\/person\/37b407becf92570dc7f7a5ac82da1092"},"potentialAction":[{"@type":"SearchAction","target":{"@type":"EntryPoint","urlTemplate":"https:\/\/www.kahrom.de\/?s={search_term_string}"},"query-input":{"@type":"PropertyValueSpecification","valueRequired":true,"valueName":"search_term_string"}}],"inLanguage":"de"},{"@type":["Person","Organization"],"@id":"https:\/\/www.kahrom.de\/#\/schema\/person\/37b407becf92570dc7f7a5ac82da1092","name":"Kami Kahrom","image":{"@type":"ImageObject","inLanguage":"de","@id":"https:\/\/www.kahrom.de\/#\/schema\/person\/image\/","url":"https:\/\/secure.gravatar.com\/avatar\/cd3480e50cf0ed48367617c85dcd0c19?s=96&d=mm&r=g","contentUrl":"https:\/\/secure.gravatar.com\/avatar\/cd3480e50cf0ed48367617c85dcd0c19?s=96&d=mm&r=g","caption":"Kami Kahrom"},"logo":{"@id":"https:\/\/www.kahrom.de\/#\/schema\/person\/image\/"}}]}},"_links":{"self":[{"href":"https:\/\/www.kahrom.de\/index.php?rest_route=\/wp\/v2\/pages\/14"}],"collection":[{"href":"https:\/\/www.kahrom.de\/index.php?rest_route=\/wp\/v2\/pages"}],"about":[{"href":"https:\/\/www.kahrom.de\/index.php?rest_route=\/wp\/v2\/types\/page"}],"author":[{"embeddable":true,"href":"https:\/\/www.kahrom.de\/index.php?rest_route=\/wp\/v2\/users\/1"}],"replies":[{"embeddable":true,"href":"https:\/\/www.kahrom.de\/index.php?rest_route=%2Fwp%2Fv2%2Fcomments&post=14"}],"version-history":[{"count":95,"href":"https:\/\/www.kahrom.de\/index.php?rest_route=\/wp\/v2\/pages\/14\/revisions"}],"predecessor-version":[{"id":669,"href":"https:\/\/www.kahrom.de\/index.php?rest_route=\/wp\/v2\/pages\/14\/revisions\/669"}],"wp:attachment":[{"href":"https:\/\/www.kahrom.de\/index.php?rest_route=%2Fwp%2Fv2%2Fmedia&parent=14"}],"curies":[{"name":"wp","href":"https:\/\/api.w.org\/{rel}","templated":true}]}}