{"id":12,"date":"2020-01-28T14:31:21","date_gmt":"2020-01-28T13:31:21","guid":{"rendered":"https:\/\/www.kahrom.de\/?page_id=12"},"modified":"2024-02-26T20:11:07","modified_gmt":"2024-02-26T19:11:07","slug":"ueber-mich","status":"publish","type":"page","link":"https:\/\/www.kahrom.de\/?page_id=12","title":{"rendered":"\u00dcber mich!"},"content":{"rendered":"<div id=\"pl-12\"  class=\"panel-layout\" ><div id=\"pg-12-0\"  class=\"panel-grid panel-has-style\" ><div class=\"siteorigin-panels-stretch panel-row-style panel-row-style-for-12-0\" style=\"background-image: url(https:\/\/www.kahrom.de\/wp-content\/uploads\/2020\/01\/4es-Beispiel.jpg);padding: 150px 0; \" data-stretch-type=\"full-width-stretch\" data-hasbg=\"hasbg\" data-overlay=\"true\" data-overlay-color=\"#000000\" ><div id=\"pgc-12-0-0\"  class=\"panel-grid-cell\" ><div id=\"panel-12-0-0-0\" class=\"so-panel widget widget_black-studio-tinymce widget_black_studio_tinymce panel-first-child panel-last-child\" data-index=\"0\" ><div style=\"text-align: left;\" data-title-color=\"#443f3f\" data-headings-color=\"#443f3f\" class=\"panel-widget-style panel-widget-style-for-12-0-0-0\" ><div class=\"textwidget\"><h2 style=\"text-align: center;\"><span style=\"color: #ffffff;\">\u00dcber mich...<\/span><\/h2>\n<\/div><\/div><\/div><\/div><\/div><\/div><div id=\"pg-12-1\"  class=\"panel-grid panel-has-style\" ><div style=\"padding: 30px 0; \" data-overlay=\"true\" data-overlay-color=\"#000000\" class=\"panel-row-style panel-row-style-for-12-1\" ><div id=\"pgc-12-1-0\"  class=\"panel-grid-cell\" ><div id=\"panel-12-1-0-0\" class=\"so-panel widget widget_black-studio-tinymce widget_black_studio_tinymce panel-first-child panel-last-child\" data-index=\"1\" ><div style=\"text-align: left;\" data-title-color=\"#443f3f\" data-headings-color=\"#443f3f\" class=\"panel-widget-style panel-widget-style-for-12-1-0-0\" ><div class=\"textwidget\"><h3 style=\"text-align: center;\"><span style=\"color: #324063;\">Person:<\/span><\/h3>\n<p><img loading=\"lazy\" decoding=\"async\" class=\" wp-image-161 aligncenter\" src=\"https:\/\/www.kahrom.de\/wp-content\/uploads\/2020\/02\/Bild-\u00fcber-mich-300x214.png\" alt=\"\" width=\"347\" height=\"248\" srcset=\"https:\/\/www.kahrom.de\/wp-content\/uploads\/2020\/02\/Bild-\u00fcber-mich-300x214.png 300w, https:\/\/www.kahrom.de\/wp-content\/uploads\/2020\/02\/Bild-\u00fcber-mich-1024x731.png 1024w, https:\/\/www.kahrom.de\/wp-content\/uploads\/2020\/02\/Bild-\u00fcber-mich-768x549.png 768w, https:\/\/www.kahrom.de\/wp-content\/uploads\/2020\/02\/Bild-\u00fcber-mich-1536x1097.png 1536w, https:\/\/www.kahrom.de\/wp-content\/uploads\/2020\/02\/Bild-\u00fcber-mich-2048x1463.png 2048w, https:\/\/www.kahrom.de\/wp-content\/uploads\/2020\/02\/Bild-\u00fcber-mich-830x593.png 830w, https:\/\/www.kahrom.de\/wp-content\/uploads\/2020\/02\/Bild-\u00fcber-mich-230x164.png 230w, https:\/\/www.kahrom.de\/wp-content\/uploads\/2020\/02\/Bild-\u00fcber-mich-350x250.png 350w, https:\/\/www.kahrom.de\/wp-content\/uploads\/2020\/02\/Bild-\u00fcber-mich-480x343.png 480w\" sizes=\"(max-width: 347px) 100vw, 347px\" \/><\/p>\n<h3 style=\"text-align: center;\"><span style=\"color: #324063;\">Kami Klaus Kahrom<\/span><\/h3>\n<h4 style=\"text-align: center;\"><span style=\"color: #324063; font-size: 12pt;\">Dipl. Ing. \/ Dipl. Umweltwissenschaftler<\/span><\/h4>\n<\/div><\/div><\/div><\/div><\/div><\/div><div id=\"pg-12-2\"  class=\"panel-grid panel-has-style\" ><div class=\"siteorigin-panels-stretch panel-row-style panel-row-style-for-12-2\" style=\"padding: 30px 0; \" data-stretch-type=\"full-width-stretch\" data-overlay=\"true\" data-overlay-color=\"#000000\" ><div id=\"pgc-12-2-0\"  class=\"panel-grid-cell\" ><div id=\"panel-12-2-0-0\" class=\"so-panel widget widget_sow-editor panel-first-child\" data-index=\"2\" ><div style=\"text-align: left;\" data-title-color=\"#443f3f\" data-headings-color=\"#443f3f\" class=\"panel-widget-style panel-widget-style-for-12-2-0-0\" ><div\n\t\t\t\n\t\t\tclass=\"so-widget-sow-editor so-widget-sow-editor-base\"\n\t\t\t\n\t\t>\n<div class=\"siteorigin-widget-tinymce textwidget\">\n\t<h3 style=\"text-align: center;\"><span style=\"font-size: 12pt;\">Seit den fr\u00fchen 90er-Jahren bin ich als Gesch\u00e4ftsf\u00fchrer, Vertriebs- und Bereichsleiter t\u00e4tig und ab 2008 stehe ich Unternehmen als Fremdgesch\u00e4ftsf\u00fchrer zur Verf\u00fcgung. Ich arbeite h\u00e4ufig in internationalen Gesch\u00e4ftsfeldern und k\u00fcmmere mich um die Gesch\u00e4fts- und Organisationsentwicklung, optimiere Prozesse und leite Zukunftsstrategien ein. Ich setze auf Offenheit, Transparenz und klare Werte. Ich bin Ingenieur und Wissenschaftler, lebe und liebe die Hands-on-Mentalit\u00e4t und kann meine Kompetenzen als Strategie- und Umsetzungsexperte darlegen. In Gie\u00dfen geboren und in S\u00fcdhessen lebend, verf\u00fcge ich \u00fcber ein solides Netzwerk, auf das ich zugreifen kann. Dabei fokussiere ich mich auf Themen der Gesch\u00e4ftsentwicklung in Familienunternehmen. Mein Anspruch ist es, nicht nur zugkr\u00e4ftige Konzepte zu erarbeiten, sondern diese auch selbst umzusetzen. Daf\u00fcr \u00fcbernehme ich vor\u00fcbergehend leitende Funktionen in den Unternehmen \u2013 und \u00fcbergebe wieder, wenn ich meine Aufgaben erfolgreich ausgef\u00fchrt habe.<\/span><\/h3>\n<\/div>\n<\/div><\/div><\/div><div id=\"panel-12-2-0-1\" class=\"so-panel widget widget_sydney_facts sydney_facts_widget panel-last-child\" data-index=\"3\" ><div style=\"text-align: left;\" data-title-color=\"#443f3f\" data-headings-color=\"#443f3f\" class=\"panel-widget-style panel-widget-style-for-12-2-0-1\" >\r\n\t\t\r\n\t\t\t\t<div class=\"col-md-3 col-sm-3\">\r\n\t\t\t<div class=\"roll-counter\">\r\n\t\t\t\t<i class=\"fa fa-lightbulb-o\"><\/i>\r\n\t\t\t\t<div class=\"name-count\">Patente<\/div>\r\n\t\t\t\t<div class=\"numb-count\" data-from=\"0\" data-to=\"12\" data-speed=\"2000\" data-waypoint-active=\"yes\">12<\/div>\r\n\t\t\t<\/div>\r\n\t\t<\/div>\r\n\t\t\t\t\t\t<div class=\"col-md-3 col-sm-3\">\r\n\t\t\t<div class=\"roll-counter\">\r\n\t\t\t\t<i class=\"fa fa-clock-o\"><\/i>\r\n\t\t\t\t<div class=\"name-count\">Jahre Erfahrung als GF<\/div>\r\n\t\t\t\t<div class=\"numb-count\" data-from=\"0\" data-to=\"17\" data-speed=\"2000\" data-waypoint-active=\"yes\">17<\/div>\r\n\t\t\t<\/div>\r\n\t\t<\/div>\r\n\t\t\t\t\t\t<div class=\"col-md-3 col-sm-3\">\r\n\t\t\t<div class=\"roll-counter\">\r\n\t\t\t\t<i class=\"fa fa-cogs\"><\/i>\r\n\t\t\t\t<div class=\"name-count\">Branchen<\/div>\r\n\t\t\t\t<div class=\"numb-count\" data-from=\"0\" data-to=\"8\" data-speed=\"2000\" data-waypoint-active=\"yes\">8<\/div>\r\n\t\t\t<\/div>\r\n\t\t<\/div>\r\n\t\t\t\t\t\t<div class=\"col-md-3 col-sm-3\">\r\n\t\t\t<div class=\"roll-counter\">\r\n\t\t\t\t<i class=\"fa fa-euro\"><\/i>\r\n\t\t\t\t<div class=\"name-count\">Umsatzverantwortung in Mio.<\/div>\r\n\t\t\t\t<div class=\"numb-count\" data-from=\"0\" data-to=\"100\" data-speed=\"2000\" data-waypoint-active=\"yes\">100<\/div>\r\n\t\t\t<\/div>\r\n\t\t<\/div>\r\n\t\t\r\n\t<\/div><\/div><\/div><\/div><\/div><\/div>","protected":false},"excerpt":{"rendered":"<p>\u00dcber mich&#8230; Person: Kami Klaus Kahrom Dipl. Ing. \/ Dipl. Umweltwissenschaftler<\/p>\n","protected":false},"author":1,"featured_media":9,"parent":0,"menu_order":0,"comment_status":"closed","ping_status":"closed","template":"page-templates\/page_front-page.php","meta":{"footnotes":""},"yoast_head":"<!-- This site is optimized with the Yoast SEO plugin v23.5 - https:\/\/yoast.com\/wordpress\/plugins\/seo\/ -->\n<title>Kahrom-Gesch\u00e4ftsf\u00fchrer-interim management<\/title>\n<meta name=\"description\" content=\"Kahrom-Kahrom.de-Alleingesch\u00e4ftsf\u00fchrer-Gesch\u00e4ftsf\u00fchrer-interim management-management auf Zeit\" \/>\n<meta name=\"robots\" content=\"index, follow, max-snippet:-1, max-image-preview:large, max-video-preview:-1\" \/>\n<link rel=\"canonical\" href=\"https:\/\/www.kahrom.de\/?page_id=12\" \/>\n<meta property=\"og:locale\" content=\"de_DE\" \/>\n<meta property=\"og:type\" content=\"article\" \/>\n<meta property=\"og:title\" content=\"Kahrom-Gesch\u00e4ftsf\u00fchrer-interim management\" \/>\n<meta property=\"og:description\" content=\"Kahrom-Kahrom.de-Alleingesch\u00e4ftsf\u00fchrer-Gesch\u00e4ftsf\u00fchrer-interim management-management auf Zeit\" \/>\n<meta property=\"og:url\" content=\"https:\/\/www.kahrom.de\/?page_id=12\" \/>\n<meta property=\"og:site_name\" content=\"Gesch\u00e4ftsleitung auf Zeit!\" \/>\n<meta property=\"article:modified_time\" content=\"2024-02-26T19:11:07+00:00\" \/>\n<meta property=\"og:image\" content=\"http:\/\/www.kahrom.de\/wp-content\/uploads\/2020\/01\/4es-Beispiel.jpg\" \/>\n\t<meta property=\"og:image:width\" content=\"2000\" \/>\n\t<meta property=\"og:image:height\" content=\"1333\" \/>\n\t<meta property=\"og:image:type\" content=\"image\/jpeg\" \/>\n<meta name=\"twitter:card\" content=\"summary_large_image\" \/>\n<meta name=\"twitter:label1\" content=\"Gesch\u00e4tzte Lesezeit\" \/>\n\t<meta name=\"twitter:data1\" content=\"2\u00a0Minuten\" \/>\n<script type=\"application\/ld+json\" class=\"yoast-schema-graph\">{\"@context\":\"https:\/\/schema.org\",\"@graph\":[{\"@type\":\"WebPage\",\"@id\":\"https:\/\/www.kahrom.de\/?page_id=12\",\"url\":\"https:\/\/www.kahrom.de\/?page_id=12\",\"name\":\"Kahrom-Gesch\u00e4ftsf\u00fchrer-interim management\",\"isPartOf\":{\"@id\":\"https:\/\/www.kahrom.de\/#website\"},\"primaryImageOfPage\":{\"@id\":\"https:\/\/www.kahrom.de\/?page_id=12#primaryimage\"},\"image\":{\"@id\":\"https:\/\/www.kahrom.de\/?page_id=12#primaryimage\"},\"thumbnailUrl\":\"https:\/\/www.kahrom.de\/wp-content\/uploads\/2020\/01\/4es-Beispiel.jpg\",\"datePublished\":\"2020-01-28T13:31:21+00:00\",\"dateModified\":\"2024-02-26T19:11:07+00:00\",\"description\":\"Kahrom-Kahrom.de-Alleingesch\u00e4ftsf\u00fchrer-Gesch\u00e4ftsf\u00fchrer-interim management-management auf Zeit\",\"breadcrumb\":{\"@id\":\"https:\/\/www.kahrom.de\/?page_id=12#breadcrumb\"},\"inLanguage\":\"de\",\"potentialAction\":[{\"@type\":\"ReadAction\",\"target\":[\"https:\/\/www.kahrom.de\/?page_id=12\"]}]},{\"@type\":\"ImageObject\",\"inLanguage\":\"de\",\"@id\":\"https:\/\/www.kahrom.de\/?page_id=12#primaryimage\",\"url\":\"https:\/\/www.kahrom.de\/wp-content\/uploads\/2020\/01\/4es-Beispiel.jpg\",\"contentUrl\":\"https:\/\/www.kahrom.de\/wp-content\/uploads\/2020\/01\/4es-Beispiel.jpg\",\"width\":2000,\"height\":1333},{\"@type\":\"BreadcrumbList\",\"@id\":\"https:\/\/www.kahrom.de\/?page_id=12#breadcrumb\",\"itemListElement\":[{\"@type\":\"ListItem\",\"position\":1,\"name\":\"Startseite\",\"item\":\"https:\/\/www.kahrom.de\/\"},{\"@type\":\"ListItem\",\"position\":2,\"name\":\"\u00dcber mich!\"}]},{\"@type\":\"WebSite\",\"@id\":\"https:\/\/www.kahrom.de\/#website\",\"url\":\"https:\/\/www.kahrom.de\/\",\"name\":\"Gesch\u00e4ftsleitung auf Zeit!\",\"description\":\"Interiemsmanagement\",\"publisher\":{\"@id\":\"https:\/\/www.kahrom.de\/#\/schema\/person\/37b407becf92570dc7f7a5ac82da1092\"},\"potentialAction\":[{\"@type\":\"SearchAction\",\"target\":{\"@type\":\"EntryPoint\",\"urlTemplate\":\"https:\/\/www.kahrom.de\/?s={search_term_string}\"},\"query-input\":{\"@type\":\"PropertyValueSpecification\",\"valueRequired\":true,\"valueName\":\"search_term_string\"}}],\"inLanguage\":\"de\"},{\"@type\":[\"Person\",\"Organization\"],\"@id\":\"https:\/\/www.kahrom.de\/#\/schema\/person\/37b407becf92570dc7f7a5ac82da1092\",\"name\":\"Kami Kahrom\",\"image\":{\"@type\":\"ImageObject\",\"inLanguage\":\"de\",\"@id\":\"https:\/\/www.kahrom.de\/#\/schema\/person\/image\/\",\"url\":\"https:\/\/secure.gravatar.com\/avatar\/cd3480e50cf0ed48367617c85dcd0c19?s=96&d=mm&r=g\",\"contentUrl\":\"https:\/\/secure.gravatar.com\/avatar\/cd3480e50cf0ed48367617c85dcd0c19?s=96&d=mm&r=g\",\"caption\":\"Kami Kahrom\"},\"logo\":{\"@id\":\"https:\/\/www.kahrom.de\/#\/schema\/person\/image\/\"}}]}<\/script>\n<!-- \/ Yoast SEO plugin. -->","yoast_head_json":{"title":"Kahrom-Gesch\u00e4ftsf\u00fchrer-interim management","description":"Kahrom-Kahrom.de-Alleingesch\u00e4ftsf\u00fchrer-Gesch\u00e4ftsf\u00fchrer-interim management-management auf Zeit","robots":{"index":"index","follow":"follow","max-snippet":"max-snippet:-1","max-image-preview":"max-image-preview:large","max-video-preview":"max-video-preview:-1"},"canonical":"https:\/\/www.kahrom.de\/?page_id=12","og_locale":"de_DE","og_type":"article","og_title":"Kahrom-Gesch\u00e4ftsf\u00fchrer-interim management","og_description":"Kahrom-Kahrom.de-Alleingesch\u00e4ftsf\u00fchrer-Gesch\u00e4ftsf\u00fchrer-interim management-management auf Zeit","og_url":"https:\/\/www.kahrom.de\/?page_id=12","og_site_name":"Gesch\u00e4ftsleitung auf Zeit!","article_modified_time":"2024-02-26T19:11:07+00:00","og_image":[{"width":2000,"height":1333,"url":"http:\/\/www.kahrom.de\/wp-content\/uploads\/2020\/01\/4es-Beispiel.jpg","type":"image\/jpeg"}],"twitter_card":"summary_large_image","twitter_misc":{"Gesch\u00e4tzte Lesezeit":"2\u00a0Minuten"},"schema":{"@context":"https:\/\/schema.org","@graph":[{"@type":"WebPage","@id":"https:\/\/www.kahrom.de\/?page_id=12","url":"https:\/\/www.kahrom.de\/?page_id=12","name":"Kahrom-Gesch\u00e4ftsf\u00fchrer-interim management","isPartOf":{"@id":"https:\/\/www.kahrom.de\/#website"},"primaryImageOfPage":{"@id":"https:\/\/www.kahrom.de\/?page_id=12#primaryimage"},"image":{"@id":"https:\/\/www.kahrom.de\/?page_id=12#primaryimage"},"thumbnailUrl":"https:\/\/www.kahrom.de\/wp-content\/uploads\/2020\/01\/4es-Beispiel.jpg","datePublished":"2020-01-28T13:31:21+00:00","dateModified":"2024-02-26T19:11:07+00:00","description":"Kahrom-Kahrom.de-Alleingesch\u00e4ftsf\u00fchrer-Gesch\u00e4ftsf\u00fchrer-interim management-management auf Zeit","breadcrumb":{"@id":"https:\/\/www.kahrom.de\/?page_id=12#breadcrumb"},"inLanguage":"de","potentialAction":[{"@type":"ReadAction","target":["https:\/\/www.kahrom.de\/?page_id=12"]}]},{"@type":"ImageObject","inLanguage":"de","@id":"https:\/\/www.kahrom.de\/?page_id=12#primaryimage","url":"https:\/\/www.kahrom.de\/wp-content\/uploads\/2020\/01\/4es-Beispiel.jpg","contentUrl":"https:\/\/www.kahrom.de\/wp-content\/uploads\/2020\/01\/4es-Beispiel.jpg","width":2000,"height":1333},{"@type":"BreadcrumbList","@id":"https:\/\/www.kahrom.de\/?page_id=12#breadcrumb","itemListElement":[{"@type":"ListItem","position":1,"name":"Startseite","item":"https:\/\/www.kahrom.de\/"},{"@type":"ListItem","position":2,"name":"\u00dcber mich!"}]},{"@type":"WebSite","@id":"https:\/\/www.kahrom.de\/#website","url":"https:\/\/www.kahrom.de\/","name":"Gesch\u00e4ftsleitung auf Zeit!","description":"Interiemsmanagement","publisher":{"@id":"https:\/\/www.kahrom.de\/#\/schema\/person\/37b407becf92570dc7f7a5ac82da1092"},"potentialAction":[{"@type":"SearchAction","target":{"@type":"EntryPoint","urlTemplate":"https:\/\/www.kahrom.de\/?s={search_term_string}"},"query-input":{"@type":"PropertyValueSpecification","valueRequired":true,"valueName":"search_term_string"}}],"inLanguage":"de"},{"@type":["Person","Organization"],"@id":"https:\/\/www.kahrom.de\/#\/schema\/person\/37b407becf92570dc7f7a5ac82da1092","name":"Kami Kahrom","image":{"@type":"ImageObject","inLanguage":"de","@id":"https:\/\/www.kahrom.de\/#\/schema\/person\/image\/","url":"https:\/\/secure.gravatar.com\/avatar\/cd3480e50cf0ed48367617c85dcd0c19?s=96&d=mm&r=g","contentUrl":"https:\/\/secure.gravatar.com\/avatar\/cd3480e50cf0ed48367617c85dcd0c19?s=96&d=mm&r=g","caption":"Kami Kahrom"},"logo":{"@id":"https:\/\/www.kahrom.de\/#\/schema\/person\/image\/"}}]}},"_links":{"self":[{"href":"https:\/\/www.kahrom.de\/index.php?rest_route=\/wp\/v2\/pages\/12"}],"collection":[{"href":"https:\/\/www.kahrom.de\/index.php?rest_route=\/wp\/v2\/pages"}],"about":[{"href":"https:\/\/www.kahrom.de\/index.php?rest_route=\/wp\/v2\/types\/page"}],"author":[{"embeddable":true,"href":"https:\/\/www.kahrom.de\/index.php?rest_route=\/wp\/v2\/users\/1"}],"replies":[{"embeddable":true,"href":"https:\/\/www.kahrom.de\/index.php?rest_route=%2Fwp%2Fv2%2Fcomments&post=12"}],"version-history":[{"count":50,"href":"https:\/\/www.kahrom.de\/index.php?rest_route=\/wp\/v2\/pages\/12\/revisions"}],"predecessor-version":[{"id":690,"href":"https:\/\/www.kahrom.de\/index.php?rest_route=\/wp\/v2\/pages\/12\/revisions\/690"}],"wp:featuredmedia":[{"embeddable":true,"href":"https:\/\/www.kahrom.de\/index.php?rest_route=\/wp\/v2\/media\/9"}],"wp:attachment":[{"href":"https:\/\/www.kahrom.de\/index.php?rest_route=%2Fwp%2Fv2%2Fmedia&parent=12"}],"curies":[{"name":"wp","href":"https:\/\/api.w.org\/{rel}","templated":true}]}}